{"id":957,"date":"2024-08-07T17:53:29","date_gmt":"2024-08-07T14:53:29","guid":{"rendered":"https:\/\/mechanicalandwelding.com\/?page_id=957"},"modified":"2024-08-08T11:43:48","modified_gmt":"2024-08-08T08:43:48","slug":"kurumsal","status":"publish","type":"page","link":"https:\/\/mechanicalandwelding.com\/en\/kurumsal\/","title":{"rendered":"INSTITUTIONAL"},"content":{"rendered":"<div data-elementor-type=\"wp-page\" data-elementor-id=\"957\" class=\"elementor elementor-957\">\n\t\t\t\t\t\t<section class=\"elementor-section elementor-top-section elementor-element elementor-element-618a85a elementor-section-boxed elementor-section-height-default elementor-section-height-default\" data-id=\"618a85a\" data-element_type=\"section\">\n\t\t\t\t\t\t<div class=\"elementor-container elementor-column-gap-default\">\n\t\t\t\t\t<div class=\"elementor-column elementor-col-50 elementor-top-column elementor-element elementor-element-319281d\" data-id=\"319281d\" data-element_type=\"column\">\n\t\t\t<div class=\"elementor-widget-wrap elementor-element-populated\">\n\t\t\t\t\t\t<div class=\"elementor-element elementor-element-a2e6b70 elementor-widget elementor-widget-text-editor\" data-id=\"a2e6b70\" data-element_type=\"widget\" data-widget_type=\"text-editor.default\">\n\t\t\t\t<div class=\"elementor-widget-container\">\n\t\t\t<style>\/*! elementor - v3.23.0 - 05-08-2024 *\/\n.elementor-widget-text-editor.elementor-drop-cap-view-stacked .elementor-drop-cap{background-color:#69727d;color:#fff}.elementor-widget-text-editor.elementor-drop-cap-view-framed .elementor-drop-cap{color:#69727d;border:3px solid;background-color:transparent}.elementor-widget-text-editor:not(.elementor-drop-cap-view-default) .elementor-drop-cap{margin-top:8px}.elementor-widget-text-editor:not(.elementor-drop-cap-view-default) .elementor-drop-cap-letter{width:1em;height:1em}.elementor-widget-text-editor .elementor-drop-cap{float:left;text-align:center;line-height:1;font-size:50px}.elementor-widget-text-editor .elementor-drop-cap-letter{display:inline-block}<\/style>\t\t\t\t<h3><strong>Our mission;<\/strong><\/h3><p><strong><em>End\u00fc<\/em><em>in structural combustion systems and flame control<\/em><em>by catching up with the latest technology in <\/em><em>by eye<\/em><em>mler \u00fc<\/em><em>to teach<\/em><\/strong><\/p><h3><strong>Our vision;<\/strong><\/h3><p><strong>To produce products that prioritize human health and nature and to adopt this environmentally friendly approach in all production processes.<\/strong><\/p>\t\t\t\t\t\t<\/div>\n\t\t\t\t<\/div>\n\t\t\t\t\t<\/div>\n\t\t<\/div>\n\t\t\t\t<div class=\"elementor-column elementor-col-50 elementor-top-column elementor-element elementor-element-84f4d28\" data-id=\"84f4d28\" data-element_type=\"column\">\n\t\t\t<div class=\"elementor-widget-wrap elementor-element-populated\">\n\t\t\t\t\t\t<div class=\"elementor-element elementor-element-7a08baa elementor-widget elementor-widget-image\" data-id=\"7a08baa\" data-element_type=\"widget\" data-widget_type=\"image.default\">\n\t\t\t\t<div class=\"elementor-widget-container\">\n\t\t\t<style>\/*! elementor - v3.23.0 - 05-08-2024 *\/\n.elementor-widget-image{text-align:center}.elementor-widget-image a{display:inline-block}.elementor-widget-image a img[src$=\".svg\"]{width:48px}.elementor-widget-image img{vertical-align:middle;display:inline-block}<\/style>\t\t\t\t\t\t\t\t\t\t<img fetchpriority=\"high\" decoding=\"async\" width=\"681\" height=\"495\" src=\"https:\/\/mechanicalandwelding.com\/wp-content\/uploads\/2024\/08\/makineler-2.jpg\" class=\"attachment-large size-large wp-image-1290\" alt=\"\" srcset=\"https:\/\/mechanicalandwelding.com\/wp-content\/uploads\/2024\/08\/makineler-2.jpg 681w, https:\/\/mechanicalandwelding.com\/wp-content\/uploads\/2024\/08\/makineler-2-300x218.jpg 300w, https:\/\/mechanicalandwelding.com\/wp-content\/uploads\/2024\/08\/makineler-2-600x436.jpg 600w\" sizes=\"(max-width: 681px) 100vw, 681px\" \/>\t\t\t\t\t\t\t\t\t\t\t\t\t<\/div>\n\t\t\t\t<\/div>\n\t\t\t\t\t<\/div>\n\t\t<\/div>\n\t\t\t\t\t<\/div>\n\t\t<\/section>\n\t\t\t\t<section class=\"elementor-section elementor-top-section elementor-element elementor-element-907e5cb elementor-section-boxed elementor-section-height-default elementor-section-height-default\" data-id=\"907e5cb\" data-element_type=\"section\">\n\t\t\t\t\t\t<div class=\"elementor-container elementor-column-gap-default\">\n\t\t\t\t\t<div class=\"elementor-column elementor-col-100 elementor-top-column elementor-element elementor-element-43226ee\" data-id=\"43226ee\" data-element_type=\"column\">\n\t\t\t<div class=\"elementor-widget-wrap elementor-element-populated\">\n\t\t\t\t\t\t<div class=\"elementor-element elementor-element-4440156 elementor-widget elementor-widget-image-gallery\" data-id=\"4440156\" data-element_type=\"widget\" data-widget_type=\"image-gallery.default\">\n\t\t\t\t<div class=\"elementor-widget-container\">\n\t\t\t<style>\/*! elementor - v3.23.0 - 05-08-2024 *\/\n.elementor-image-gallery .gallery-item{display:inline-block;text-align:center;vertical-align:top;width:100%;max-width:100%;margin:0 auto}.elementor-image-gallery .gallery-item img{margin:0 auto}.elementor-image-gallery .gallery-item .gallery-caption{margin:0}.elementor-image-gallery figure img{display:block}.elementor-image-gallery figure figcaption{width:100%}.gallery-spacing-custom .elementor-image-gallery .gallery-icon{padding:0}@media (min-width:768px){.elementor-image-gallery .gallery-columns-2 .gallery-item{max-width:50%}.elementor-image-gallery .gallery-columns-3 .gallery-item{max-width:33.33%}.elementor-image-gallery .gallery-columns-4 .gallery-item{max-width:25%}.elementor-image-gallery .gallery-columns-5 .gallery-item{max-width:20%}.elementor-image-gallery .gallery-columns-6 .gallery-item{max-width:16.666%}.elementor-image-gallery .gallery-columns-7 .gallery-item{max-width:14.28%}.elementor-image-gallery .gallery-columns-8 .gallery-item{max-width:12.5%}.elementor-image-gallery .gallery-columns-9 .gallery-item{max-width:11.11%}.elementor-image-gallery .gallery-columns-10 .gallery-item{max-width:10%}}@media (min-width:480px) and (max-width:767px){.elementor-image-gallery .gallery.gallery-columns-2 .gallery-item,.elementor-image-gallery .gallery.gallery-columns-3 .gallery-item,.elementor-image-gallery .gallery.gallery-columns-4 .gallery-item,.elementor-image-gallery .gallery.gallery-columns-5 .gallery-item,.elementor-image-gallery .gallery.gallery-columns-6 .gallery-item,.elementor-image-gallery .gallery.gallery-columns-7 .gallery-item,.elementor-image-gallery .gallery.gallery-columns-8 .gallery-item,.elementor-image-gallery .gallery.gallery-columns-9 .gallery-item,.elementor-image-gallery .gallery.gallery-columns-10 .gallery-item{max-width:50%}}@media (max-width:479px){.elementor-image-gallery .gallery.gallery-columns-2 .gallery-item,.elementor-image-gallery .gallery.gallery-columns-3 .gallery-item,.elementor-image-gallery .gallery.gallery-columns-4 .gallery-item,.elementor-image-gallery .gallery.gallery-columns-5 .gallery-item,.elementor-image-gallery .gallery.gallery-columns-6 .gallery-item,.elementor-image-gallery .gallery.gallery-columns-7 .gallery-item,.elementor-image-gallery .gallery.gallery-columns-8 .gallery-item,.elementor-image-gallery .gallery.gallery-columns-9 .gallery-item,.elementor-image-gallery .gallery.gallery-columns-10 .gallery-item{max-width:100%}}<\/style>\t\t<div class=\"elementor-image-gallery\">\n\t\t\t<div id='gallery-1' class='gallery galleryid-957 gallery-columns-4 gallery-size-full'><figure class='gallery-item'>\n\t\t\t<div class='gallery-icon landscape'>\n\t\t\t\t<a data-elementor-open-lightbox=\"yes\" data-elementor-lightbox-slideshow=\"4440156\" data-elementor-lightbox-title=\"410510371968177.JPG_1143124_buyuk\" data-e-action-hash=\"#elementor-action%3Aaction%3Dlightbox%26settings%3DeyJpZCI6MTI5MSwidXJsIjoiaHR0cHM6XC9cL21lY2hhbmljYWxhbmR3ZWxkaW5nLmNvbVwvd3AtY29udGVudFwvdXBsb2Fkc1wvMjAyNFwvMDhcLzQxMDUxMDM3MTk2ODE3Ny5KUEdfMTE0MzEyNF9idXl1ay5qcGciLCJzbGlkZXNob3ciOiI0NDQwMTU2In0%3D\" href='https:\/\/mechanicalandwelding.com\/wp-content\/uploads\/2024\/08\/410510371968177.JPG_1143124_buyuk.jpg'><img decoding=\"async\" width=\"800\" height=\"468\" src=\"https:\/\/mechanicalandwelding.com\/wp-content\/uploads\/2024\/08\/410510371968177.JPG_1143124_buyuk.jpg\" class=\"attachment-full size-full\" alt=\"\" srcset=\"https:\/\/mechanicalandwelding.com\/wp-content\/uploads\/2024\/08\/410510371968177.JPG_1143124_buyuk.jpg 800w, https:\/\/mechanicalandwelding.com\/wp-content\/uploads\/2024\/08\/410510371968177.JPG_1143124_buyuk-300x176.jpg 300w, https:\/\/mechanicalandwelding.com\/wp-content\/uploads\/2024\/08\/410510371968177.JPG_1143124_buyuk-768x449.jpg 768w, https:\/\/mechanicalandwelding.com\/wp-content\/uploads\/2024\/08\/410510371968177.JPG_1143124_buyuk-600x351.jpg 600w\" sizes=\"(max-width: 800px) 100vw, 800px\" \/><\/a>\n\t\t\t<\/div><\/figure><figure class='gallery-item'>\n\t\t\t<div class='gallery-icon landscape'>\n\t\t\t\t<a data-elementor-open-lightbox=\"yes\" data-elementor-lightbox-slideshow=\"4440156\" data-elementor-lightbox-title=\"512140771131218.JPG_1306164_buyuk\" data-e-action-hash=\"#elementor-action%3Aaction%3Dlightbox%26settings%3DeyJpZCI6MTI5MiwidXJsIjoiaHR0cHM6XC9cL21lY2hhbmljYWxhbmR3ZWxkaW5nLmNvbVwvd3AtY29udGVudFwvdXBsb2Fkc1wvMjAyNFwvMDhcLzUxMjE0MDc3MTEzMTIxOC5KUEdfMTMwNjE2NF9idXl1ay5qcGciLCJzbGlkZXNob3ciOiI0NDQwMTU2In0%3D\" href='https:\/\/mechanicalandwelding.com\/wp-content\/uploads\/2024\/08\/512140771131218.JPG_1306164_buyuk.jpg'><img decoding=\"async\" width=\"800\" height=\"600\" src=\"https:\/\/mechanicalandwelding.com\/wp-content\/uploads\/2024\/08\/512140771131218.JPG_1306164_buyuk.jpg\" class=\"attachment-full size-full\" alt=\"\" srcset=\"https:\/\/mechanicalandwelding.com\/wp-content\/uploads\/2024\/08\/512140771131218.JPG_1306164_buyuk.jpg 800w, https:\/\/mechanicalandwelding.com\/wp-content\/uploads\/2024\/08\/512140771131218.JPG_1306164_buyuk-300x225.jpg 300w, https:\/\/mechanicalandwelding.com\/wp-content\/uploads\/2024\/08\/512140771131218.JPG_1306164_buyuk-768x576.jpg 768w, https:\/\/mechanicalandwelding.com\/wp-content\/uploads\/2024\/08\/512140771131218.JPG_1306164_buyuk-600x450.jpg 600w\" sizes=\"(max-width: 800px) 100vw, 800px\" \/><\/a>\n\t\t\t<\/div><\/figure><figure class='gallery-item'>\n\t\t\t<div class='gallery-icon landscape'>\n\t\t\t\t<a data-elementor-open-lightbox=\"yes\" data-elementor-lightbox-slideshow=\"4440156\" data-elementor-lightbox-title=\"611293151046455.JPG_1221401_buyuk\" data-e-action-hash=\"#elementor-action%3Aaction%3Dlightbox%26settings%3DeyJpZCI6MTI5MywidXJsIjoiaHR0cHM6XC9cL21lY2hhbmljYWxhbmR3ZWxkaW5nLmNvbVwvd3AtY29udGVudFwvdXBsb2Fkc1wvMjAyNFwvMDhcLzYxMTI5MzE1MTA0NjQ1NS5KUEdfMTIyMTQwMV9idXl1ay5qcGciLCJzbGlkZXNob3ciOiI0NDQwMTU2In0%3D\" href='https:\/\/mechanicalandwelding.com\/wp-content\/uploads\/2024\/08\/611293151046455.JPG_1221401_buyuk.jpg'><img loading=\"lazy\" decoding=\"async\" width=\"800\" height=\"553\" src=\"https:\/\/mechanicalandwelding.com\/wp-content\/uploads\/2024\/08\/611293151046455.JPG_1221401_buyuk.jpg\" class=\"attachment-full size-full\" alt=\"\" srcset=\"https:\/\/mechanicalandwelding.com\/wp-content\/uploads\/2024\/08\/611293151046455.JPG_1221401_buyuk.jpg 800w, https:\/\/mechanicalandwelding.com\/wp-content\/uploads\/2024\/08\/611293151046455.JPG_1221401_buyuk-300x207.jpg 300w, https:\/\/mechanicalandwelding.com\/wp-content\/uploads\/2024\/08\/611293151046455.JPG_1221401_buyuk-768x531.jpg 768w, https:\/\/mechanicalandwelding.com\/wp-content\/uploads\/2024\/08\/611293151046455.JPG_1221401_buyuk-600x415.jpg 600w\" sizes=\"(max-width: 800px) 100vw, 800px\" \/><\/a>\n\t\t\t<\/div><\/figure><figure class='gallery-item'>\n\t\t\t<div class='gallery-icon landscape'>\n\t\t\t\t<a data-elementor-open-lightbox=\"yes\" data-elementor-lightbox-slideshow=\"4440156\" data-elementor-lightbox-title=\"710857661002906.JPG_1177853_buyuk\" data-e-action-hash=\"#elementor-action%3Aaction%3Dlightbox%26settings%3DeyJpZCI6MTI5NCwidXJsIjoiaHR0cHM6XC9cL21lY2hhbmljYWxhbmR3ZWxkaW5nLmNvbVwvd3AtY29udGVudFwvdXBsb2Fkc1wvMjAyNFwvMDhcLzcxMDg1NzY2MTAwMjkwNi5KUEdfMTE3Nzg1M19idXl1ay5qcGciLCJzbGlkZXNob3ciOiI0NDQwMTU2In0%3D\" href='https:\/\/mechanicalandwelding.com\/wp-content\/uploads\/2024\/08\/710857661002906.JPG_1177853_buyuk.jpg'><img loading=\"lazy\" decoding=\"async\" width=\"800\" height=\"600\" src=\"https:\/\/mechanicalandwelding.com\/wp-content\/uploads\/2024\/08\/710857661002906.JPG_1177853_buyuk.jpg\" class=\"attachment-full size-full\" alt=\"\" srcset=\"https:\/\/mechanicalandwelding.com\/wp-content\/uploads\/2024\/08\/710857661002906.JPG_1177853_buyuk.jpg 800w, https:\/\/mechanicalandwelding.com\/wp-content\/uploads\/2024\/08\/710857661002906.JPG_1177853_buyuk-300x225.jpg 300w, https:\/\/mechanicalandwelding.com\/wp-content\/uploads\/2024\/08\/710857661002906.JPG_1177853_buyuk-768x576.jpg 768w, https:\/\/mechanicalandwelding.com\/wp-content\/uploads\/2024\/08\/710857661002906.JPG_1177853_buyuk-600x450.jpg 600w\" sizes=\"(max-width: 800px) 100vw, 800px\" \/><\/a>\n\t\t\t<\/div><\/figure><figure class='gallery-item'>\n\t\t\t<div class='gallery-icon landscape'>\n\t\t\t\t<a data-elementor-open-lightbox=\"yes\" data-elementor-lightbox-slideshow=\"4440156\" data-elementor-lightbox-title=\"1017137721630912.JPG_1805859_buyuk\" data-e-action-hash=\"#elementor-action%3Aaction%3Dlightbox%26settings%3DeyJpZCI6MTI5NSwidXJsIjoiaHR0cHM6XC9cL21lY2hhbmljYWxhbmR3ZWxkaW5nLmNvbVwvd3AtY29udGVudFwvdXBsb2Fkc1wvMjAyNFwvMDhcLzEwMTcxMzc3MjE2MzA5MTIuSlBHXzE4MDU4NTlfYnV5dWsuanBnIiwic2xpZGVzaG93IjoiNDQ0MDE1NiJ9\" href='https:\/\/mechanicalandwelding.com\/wp-content\/uploads\/2024\/08\/1017137721630912.JPG_1805859_buyuk.jpg'><img loading=\"lazy\" decoding=\"async\" width=\"800\" height=\"586\" src=\"https:\/\/mechanicalandwelding.com\/wp-content\/uploads\/2024\/08\/1017137721630912.JPG_1805859_buyuk.jpg\" class=\"attachment-full size-full\" alt=\"\" srcset=\"https:\/\/mechanicalandwelding.com\/wp-content\/uploads\/2024\/08\/1017137721630912.JPG_1805859_buyuk.jpg 800w, https:\/\/mechanicalandwelding.com\/wp-content\/uploads\/2024\/08\/1017137721630912.JPG_1805859_buyuk-300x220.jpg 300w, https:\/\/mechanicalandwelding.com\/wp-content\/uploads\/2024\/08\/1017137721630912.JPG_1805859_buyuk-768x563.jpg 768w, https:\/\/mechanicalandwelding.com\/wp-content\/uploads\/2024\/08\/1017137721630912.JPG_1805859_buyuk-600x440.jpg 600w\" sizes=\"(max-width: 800px) 100vw, 800px\" \/><\/a>\n\t\t\t<\/div><\/figure><figure class='gallery-item'>\n\t\t\t<div class='gallery-icon landscape'>\n\t\t\t\t<a data-elementor-open-lightbox=\"yes\" data-elementor-lightbox-slideshow=\"4440156\" data-elementor-lightbox-title=\"1115828061499946.JPG_1674893_buyuk\" data-e-action-hash=\"#elementor-action%3Aaction%3Dlightbox%26settings%3DeyJpZCI6MTI5NiwidXJsIjoiaHR0cHM6XC9cL21lY2hhbmljYWxhbmR3ZWxkaW5nLmNvbVwvd3AtY29udGVudFwvdXBsb2Fkc1wvMjAyNFwvMDhcLzExMTU4MjgwNjE0OTk5NDYuSlBHXzE2NzQ4OTNfYnV5dWsuanBnIiwic2xpZGVzaG93IjoiNDQ0MDE1NiJ9\" href='https:\/\/mechanicalandwelding.com\/wp-content\/uploads\/2024\/08\/1115828061499946.JPG_1674893_buyuk.jpg'><img loading=\"lazy\" decoding=\"async\" width=\"693\" height=\"519\" src=\"https:\/\/mechanicalandwelding.com\/wp-content\/uploads\/2024\/08\/1115828061499946.JPG_1674893_buyuk.jpg\" class=\"attachment-full size-full\" alt=\"\" srcset=\"https:\/\/mechanicalandwelding.com\/wp-content\/uploads\/2024\/08\/1115828061499946.JPG_1674893_buyuk.jpg 693w, https:\/\/mechanicalandwelding.com\/wp-content\/uploads\/2024\/08\/1115828061499946.JPG_1674893_buyuk-300x225.jpg 300w, https:\/\/mechanicalandwelding.com\/wp-content\/uploads\/2024\/08\/1115828061499946.JPG_1674893_buyuk-600x449.jpg 600w\" sizes=\"(max-width: 693px) 100vw, 693px\" \/><\/a>\n\t\t\t<\/div><\/figure><figure class='gallery-item'>\n\t\t\t<div class='gallery-icon landscape'>\n\t\t\t\t<a data-elementor-open-lightbox=\"yes\" data-elementor-lightbox-slideshow=\"4440156\" data-elementor-lightbox-title=\"118204461737587.JPG_1912533_buyuk\" data-e-action-hash=\"#elementor-action%3Aaction%3Dlightbox%26settings%3DeyJpZCI6MTI5NywidXJsIjoiaHR0cHM6XC9cL21lY2hhbmljYWxhbmR3ZWxkaW5nLmNvbVwvd3AtY29udGVudFwvdXBsb2Fkc1wvMjAyNFwvMDhcLzExODIwNDQ2MTczNzU4Ny5KUEdfMTkxMjUzM19idXl1ay5qcGciLCJzbGlkZXNob3ciOiI0NDQwMTU2In0%3D\" href='https:\/\/mechanicalandwelding.com\/wp-content\/uploads\/2024\/08\/118204461737587.JPG_1912533_buyuk.jpg'><img loading=\"lazy\" decoding=\"async\" width=\"693\" height=\"519\" src=\"https:\/\/mechanicalandwelding.com\/wp-content\/uploads\/2024\/08\/118204461737587.JPG_1912533_buyuk.jpg\" class=\"attachment-full size-full\" alt=\"\" srcset=\"https:\/\/mechanicalandwelding.com\/wp-content\/uploads\/2024\/08\/118204461737587.JPG_1912533_buyuk.jpg 693w, https:\/\/mechanicalandwelding.com\/wp-content\/uploads\/2024\/08\/118204461737587.JPG_1912533_buyuk-300x225.jpg 300w, https:\/\/mechanicalandwelding.com\/wp-content\/uploads\/2024\/08\/118204461737587.JPG_1912533_buyuk-600x449.jpg 600w\" sizes=\"(max-width: 693px) 100vw, 693px\" \/><\/a>\n\t\t\t<\/div><\/figure><figure class='gallery-item'>\n\t\t\t<div class='gallery-icon landscape'>\n\t\t\t\t<a data-elementor-open-lightbox=\"yes\" data-elementor-lightbox-slideshow=\"4440156\" data-elementor-lightbox-title=\"214402121357353.JPG_1532299_buyuk\" data-e-action-hash=\"#elementor-action%3Aaction%3Dlightbox%26settings%3DeyJpZCI6MTI5OCwidXJsIjoiaHR0cHM6XC9cL21lY2hhbmljYWxhbmR3ZWxkaW5nLmNvbVwvd3AtY29udGVudFwvdXBsb2Fkc1wvMjAyNFwvMDhcLzIxNDQwMjEyMTM1NzM1My5KUEdfMTUzMjI5OV9idXl1ay5qcGciLCJzbGlkZXNob3ciOiI0NDQwMTU2In0%3D\" href='https:\/\/mechanicalandwelding.com\/wp-content\/uploads\/2024\/08\/214402121357353.JPG_1532299_buyuk.jpg'><img loading=\"lazy\" decoding=\"async\" width=\"800\" height=\"650\" src=\"https:\/\/mechanicalandwelding.com\/wp-content\/uploads\/2024\/08\/214402121357353.JPG_1532299_buyuk.jpg\" class=\"attachment-full size-full\" alt=\"\" srcset=\"https:\/\/mechanicalandwelding.com\/wp-content\/uploads\/2024\/08\/214402121357353.JPG_1532299_buyuk.jpg 800w, https:\/\/mechanicalandwelding.com\/wp-content\/uploads\/2024\/08\/214402121357353.JPG_1532299_buyuk-300x244.jpg 300w, https:\/\/mechanicalandwelding.com\/wp-content\/uploads\/2024\/08\/214402121357353.JPG_1532299_buyuk-768x624.jpg 768w, https:\/\/mechanicalandwelding.com\/wp-content\/uploads\/2024\/08\/214402121357353.JPG_1532299_buyuk-600x488.jpg 600w\" sizes=\"(max-width: 800px) 100vw, 800px\" \/><\/a>\n\t\t\t<\/div><\/figure>\n\t\t<\/div>\n\t\t<\/div>\n\t\t\t\t<\/div>\n\t\t\t\t<\/div>\n\t\t\t\t\t<\/div>\n\t\t<\/div>\n\t\t\t\t\t<\/div>\n\t\t<\/section>\n\t\t\t\t<\/div>","protected":false},"excerpt":{"rendered":"<p>Misyonumuz; End\u00fcstriyel yakma sistemlerinde ve alev kontrol\u00fcnde son teknolojiyi yakalayarak yeni g\u00f6zlemler \u00fcretmek. Vizyonumuz; \u0130nsan sa\u011fl\u0131\u011f\u0131 ile do\u011fay\u0131 \u00f6nceleyen \u00fcr\u00fcnler \u00fcretmek ve bu \u00e7evreci yakla\u015f\u0131m\u0131 b\u00fct\u00fcn \u00fcretim s\u00fcre\u00e7lerinde benimsemek.<\/p>","protected":false},"author":1,"featured_media":0,"parent":0,"menu_order":0,"comment_status":"closed","ping_status":"closed","template":"","meta":{"inline_featured_image":false,"footnotes":""},"class_list":["post-957","page","type-page","status-publish","hentry"],"_links":{"self":[{"href":"https:\/\/mechanicalandwelding.com\/en\/wp-json\/wp\/v2\/pages\/957","targetHints":{"allow":["GET"]}}],"collection":[{"href":"https:\/\/mechanicalandwelding.com\/en\/wp-json\/wp\/v2\/pages"}],"about":[{"href":"https:\/\/mechanicalandwelding.com\/en\/wp-json\/wp\/v2\/types\/page"}],"author":[{"embeddable":true,"href":"https:\/\/mechanicalandwelding.com\/en\/wp-json\/wp\/v2\/users\/1"}],"replies":[{"embeddable":true,"href":"https:\/\/mechanicalandwelding.com\/en\/wp-json\/wp\/v2\/comments?post=957"}],"version-history":[{"count":7,"href":"https:\/\/mechanicalandwelding.com\/en\/wp-json\/wp\/v2\/pages\/957\/revisions"}],"predecessor-version":[{"id":1301,"href":"https:\/\/mechanicalandwelding.com\/en\/wp-json\/wp\/v2\/pages\/957\/revisions\/1301"}],"wp:attachment":[{"href":"https:\/\/mechanicalandwelding.com\/en\/wp-json\/wp\/v2\/media?parent=957"}],"curies":[{"name":"wp","href":"https:\/\/api.w.org\/{rel}","templated":true}]}}