{"id":1281,"date":"2024-08-08T11:19:16","date_gmt":"2024-08-08T08:19:16","guid":{"rendered":"https:\/\/mechanicalandwelding.com\/?post_type=product&#038;p=1281"},"modified":"2024-08-08T11:26:50","modified_gmt":"2024-08-08T08:26:50","slug":"01g-serileri","status":"publish","type":"product","link":"https:\/\/mechanicalandwelding.com\/en\/product\/01g-serileri\/","title":{"rendered":"01G SERIES"},"content":{"rendered":"<ul>\n<li>Mikroproses\u00f6r tabanl\u0131 dizayn<\/li>\n<li>End\u00fcstriyel yak\u0131c\u0131lar i\u00e7in geni\u015f se\u00e7im aral\u0131\u011f\u0131<\/li>\n<li>\u0130ki kademeli valf \u00e7\u0131k\u0131\u015f\u0131<\/li>\n<li>\u0130yonizasyon elektrodu veya UV. Dedekt\u00f6r giri\u015fi<\/li>\n<li>Aleve ba\u011f\u0131ml\u0131 diagnostik led lamba<\/li>\n<li>Dahili ve harici reset<\/li>\n<\/ul>","protected":false},"excerpt":{"rendered":"<p>Mikroproses\u00f6r tabanl\u0131 dizayn End\u00fcstriyel yak\u0131c\u0131lar i\u00e7in geni\u015f se\u00e7im aral\u0131\u011f\u0131 \u0130ki kademeli valf \u00e7\u0131k\u0131\u015f\u0131 \u0130yonizasyon elektrodu veya UV. Dedekt\u00f6r giri\u015fi Aleve ba\u011f\u0131ml\u0131 diagnostik led lamba Dahili ve harici reset<\/p>","protected":false},"featured_media":1194,"template":"","meta":{"inline_featured_image":false},"product_cat":[76,56],"product_tag":[],"class_list":{"0":"post-1281","1":"product","2":"type-product","3":"status-publish","4":"has-post-thumbnail","6":"product_cat-gaz-yakicilar-icin-kontrol","7":"product_cat-mechanical","9":"first","10":"instock","11":"shipping-taxable","12":"product-type-simple"},"_links":{"self":[{"href":"https:\/\/mechanicalandwelding.com\/en\/wp-json\/wp\/v2\/product\/1281","targetHints":{"allow":["GET"]}}],"collection":[{"href":"https:\/\/mechanicalandwelding.com\/en\/wp-json\/wp\/v2\/product"}],"about":[{"href":"https:\/\/mechanicalandwelding.com\/en\/wp-json\/wp\/v2\/types\/product"}],"wp:featuredmedia":[{"embeddable":true,"href":"https:\/\/mechanicalandwelding.com\/en\/wp-json\/wp\/v2\/media\/1194"}],"wp:attachment":[{"href":"https:\/\/mechanicalandwelding.com\/en\/wp-json\/wp\/v2\/media?parent=1281"}],"wp:term":[{"taxonomy":"product_cat","embeddable":true,"href":"https:\/\/mechanicalandwelding.com\/en\/wp-json\/wp\/v2\/product_cat?post=1281"},{"taxonomy":"product_tag","embeddable":true,"href":"https:\/\/mechanicalandwelding.com\/en\/wp-json\/wp\/v2\/product_tag?post=1281"}],"curies":[{"name":"wp","href":"https:\/\/api.w.org\/{rel}","templated":true}]}}