{"id":1282,"date":"2024-08-08T11:22:30","date_gmt":"2024-08-08T08:22:30","guid":{"rendered":"https:\/\/mechanicalandwelding.com\/?post_type=product&#038;p=1282"},"modified":"2024-08-08T11:26:14","modified_gmt":"2024-08-08T08:26:14","slug":"02-serileri","status":"publish","type":"product","link":"https:\/\/mechanicalandwelding.com\/en\/product\/02-serileri\/","title":{"rendered":"02 SER\u0130LER\u0130"},"content":{"rendered":"<ul>\n<li>\u00d6n panelde 5 adet renkli durum ledi<\/li>\n<li>Mikroproses\u00f6rl\u00fc program ve denetim<\/li>\n<li>Ate\u015fleme tekrar\u0131<\/li>\n<li>\u0130yonizasyon veya C7027A Dedekt\u00f6r giri\u015fi<\/li>\n<li>Dahili ve harici reset<\/li>\n<\/ul>","protected":false},"excerpt":{"rendered":"<p>\u00d6n panelde 5 adet renkli durum ledi Mikroproses\u00f6rl\u00fc program ve denetim Ate\u015fleme tekrar\u0131 \u0130yonizasyon veya C7027A Dedekt\u00f6r giri\u015fi Dahili ve harici reset<\/p>","protected":false},"featured_media":1195,"template":"","meta":{"inline_featured_image":false},"product_cat":[15,76,56],"product_tag":[],"class_list":{"0":"post-1282","1":"product","2":"type-product","3":"status-publish","4":"has-post-thumbnail","6":"product_cat-mechanical-and-welding","7":"product_cat-gaz-yakicilar-icin-kontrol","8":"product_cat-mechanical","10":"first","11":"instock","12":"shipping-taxable","13":"product-type-simple"},"_links":{"self":[{"href":"https:\/\/mechanicalandwelding.com\/en\/wp-json\/wp\/v2\/product\/1282","targetHints":{"allow":["GET"]}}],"collection":[{"href":"https:\/\/mechanicalandwelding.com\/en\/wp-json\/wp\/v2\/product"}],"about":[{"href":"https:\/\/mechanicalandwelding.com\/en\/wp-json\/wp\/v2\/types\/product"}],"wp:featuredmedia":[{"embeddable":true,"href":"https:\/\/mechanicalandwelding.com\/en\/wp-json\/wp\/v2\/media\/1195"}],"wp:attachment":[{"href":"https:\/\/mechanicalandwelding.com\/en\/wp-json\/wp\/v2\/media?parent=1282"}],"wp:term":[{"taxonomy":"product_cat","embeddable":true,"href":"https:\/\/mechanicalandwelding.com\/en\/wp-json\/wp\/v2\/product_cat?post=1282"},{"taxonomy":"product_tag","embeddable":true,"href":"https:\/\/mechanicalandwelding.com\/en\/wp-json\/wp\/v2\/product_tag?post=1282"}],"curies":[{"name":"wp","href":"https:\/\/api.w.org\/{rel}","templated":true}]}}