{"id":1283,"date":"2024-08-08T11:35:07","date_gmt":"2024-08-08T08:35:07","guid":{"rendered":"https:\/\/mechanicalandwelding.com\/?post_type=product&#038;p=1283"},"modified":"2024-08-08T11:35:09","modified_gmt":"2024-08-08T08:35:09","slug":"03p-serileri","status":"publish","type":"product","link":"https:\/\/mechanicalandwelding.com\/en\/product\/03p-serileri\/","title":{"rendered":"03P SER\u0130LER\u0130"},"content":{"rendered":"<ul>\n<li>Pano \u00fczeri Montaj 48 x 96 mm.<\/li>\n<li>Yar\u0131m ve tam otomatik model<\/li>\n<li>110 veya 220 VAC besleme voltaj\u0131<\/li>\n<li>Alev sinyaline ba\u011fl\u0131 bargraf<\/li>\n<li>UV veya Iyonizasyon dedekt\u00f6r giri\u015fi<\/li>\n<li>Harici ve dahili reset<\/li>\n<\/ul>","protected":false},"excerpt":{"rendered":"<p>Pano \u00fczeri Montaj 48 x 96 mm. Yar\u0131m ve tam otomatik model 110 veya 220 VAC besleme voltaj\u0131 Alev sinyaline ba\u011fl\u0131 bargraf UV veya Iyonizasyon dedekt\u00f6r giri\u015fi Harici ve dahili reset<\/p>","protected":false},"featured_media":1198,"template":"","meta":{"inline_featured_image":false},"product_cat":[76,56],"product_tag":[],"class_list":{"0":"post-1283","1":"product","2":"type-product","3":"status-publish","4":"has-post-thumbnail","6":"product_cat-gaz-yakicilar-icin-kontrol","7":"product_cat-mechanical","9":"first","10":"instock","11":"shipping-taxable","12":"product-type-simple"},"_links":{"self":[{"href":"https:\/\/mechanicalandwelding.com\/en\/wp-json\/wp\/v2\/product\/1283","targetHints":{"allow":["GET"]}}],"collection":[{"href":"https:\/\/mechanicalandwelding.com\/en\/wp-json\/wp\/v2\/product"}],"about":[{"href":"https:\/\/mechanicalandwelding.com\/en\/wp-json\/wp\/v2\/types\/product"}],"wp:featuredmedia":[{"embeddable":true,"href":"https:\/\/mechanicalandwelding.com\/en\/wp-json\/wp\/v2\/media\/1198"}],"wp:attachment":[{"href":"https:\/\/mechanicalandwelding.com\/en\/wp-json\/wp\/v2\/media?parent=1283"}],"wp:term":[{"taxonomy":"product_cat","embeddable":true,"href":"https:\/\/mechanicalandwelding.com\/en\/wp-json\/wp\/v2\/product_cat?post=1283"},{"taxonomy":"product_tag","embeddable":true,"href":"https:\/\/mechanicalandwelding.com\/en\/wp-json\/wp\/v2\/product_tag?post=1283"}],"curies":[{"name":"wp","href":"https:\/\/api.w.org\/{rel}","templated":true}]}}