{"id":1284,"date":"2024-08-08T11:50:51","date_gmt":"2024-08-08T08:50:51","guid":{"rendered":"https:\/\/mechanicalandwelding.com\/?post_type=product&#038;p=1284"},"modified":"2024-08-08T11:50:52","modified_gmt":"2024-08-08T08:50:52","slug":"04-serileri","status":"publish","type":"product","link":"https:\/\/mechanicalandwelding.com\/en\/product\/04-serileri\/","title":{"rendered":"04 SER\u0130LER\u0130"},"content":{"rendered":"<ul>\n<li>Bisk\u00fcvi f\u0131r\u0131nlar\u0131 i\u00e7in \u00f6zel program<\/li>\n<li>Atmosferik br\u00fcl\u00f6r kontrolu<\/li>\n<li>Uni Rod ate\u015fleme sistemi<\/li>\n<li>24 VAC veya 220 VAC model<\/li>\n<li>Statik boyal\u0131 \u00f6zel d\u0131\u015f kutu<\/li>\n<li>\u0130ste\u011fe g\u00f6re M\u00fc\u015fteri logo ve isim<\/li>\n<li>On \/ Off ve Reset tek anahtar ile<\/li>\n<li>Yanma ve Ar\u0131za ikaz lambas\u0131<\/li>\n<\/ul>","protected":false},"excerpt":{"rendered":"<p>Bisk\u00fcvi f\u0131r\u0131nlar\u0131 i\u00e7in \u00f6zel program Atmosferik br\u00fcl\u00f6r kontrolu Uni Rod ate\u015fleme sistemi 24 VAC veya 220 VAC model Statik boyal\u0131 \u00f6zel d\u0131\u015f kutu \u0130ste\u011fe g\u00f6re M\u00fc\u015fteri logo ve isim On \/ Off ve Reset tek anahtar ile Yanma ve Ar\u0131za ikaz lambas\u0131<\/p>","protected":false},"featured_media":1193,"template":"","meta":{"inline_featured_image":false},"product_cat":[76,56],"product_tag":[],"class_list":{"0":"post-1284","1":"product","2":"type-product","3":"status-publish","4":"has-post-thumbnail","6":"product_cat-gaz-yakicilar-icin-kontrol","7":"product_cat-mechanical","9":"first","10":"instock","11":"shipping-taxable","12":"product-type-simple"},"_links":{"self":[{"href":"https:\/\/mechanicalandwelding.com\/en\/wp-json\/wp\/v2\/product\/1284","targetHints":{"allow":["GET"]}}],"collection":[{"href":"https:\/\/mechanicalandwelding.com\/en\/wp-json\/wp\/v2\/product"}],"about":[{"href":"https:\/\/mechanicalandwelding.com\/en\/wp-json\/wp\/v2\/types\/product"}],"wp:featuredmedia":[{"embeddable":true,"href":"https:\/\/mechanicalandwelding.com\/en\/wp-json\/wp\/v2\/media\/1193"}],"wp:attachment":[{"href":"https:\/\/mechanicalandwelding.com\/en\/wp-json\/wp\/v2\/media?parent=1284"}],"wp:term":[{"taxonomy":"product_cat","embeddable":true,"href":"https:\/\/mechanicalandwelding.com\/en\/wp-json\/wp\/v2\/product_cat?post=1284"},{"taxonomy":"product_tag","embeddable":true,"href":"https:\/\/mechanicalandwelding.com\/en\/wp-json\/wp\/v2\/product_tag?post=1284"}],"curies":[{"name":"wp","href":"https:\/\/api.w.org\/{rel}","templated":true}]}}