{"id":1302,"date":"2024-08-08T11:52:11","date_gmt":"2024-08-08T08:52:11","guid":{"rendered":"https:\/\/mechanicalandwelding.com\/?post_type=product&#038;p=1302"},"modified":"2024-08-08T11:52:11","modified_gmt":"2024-08-08T08:52:11","slug":"05-serileri","status":"publish","type":"product","link":"https:\/\/mechanicalandwelding.com\/en\/product\/05-serileri\/","title":{"rendered":"05 SER\u0130LER\u0130"},"content":{"rendered":"<ul>\n<li>Atmosferik tek kademeli gaz br\u00fcl\u00f6r\u00fc kontrol\u00fc<\/li>\n<li>Minimuma indirilmi\u015f boyut (38 x 71 mm.)<\/li>\n<li>Tek lamba ile aleve ba\u011f\u0131ml\u0131 renkli \u0131\u015f\u0131k ikaz\u0131<\/li>\n<li>Harici ve dahili reset butonu<\/li>\n<li>11 Pinli montaj soketi<\/li>\n<li>30 Y\u0131ll\u0131k proses deneyimi<\/li>\n<\/ul>","protected":false},"excerpt":{"rendered":"<p>Atmosferik tek kademeli gaz br\u00fcl\u00f6r\u00fc kontrol\u00fc Minimuma indirilmi\u015f boyut (38 x 71 mm.) Tek lamba ile aleve ba\u011f\u0131ml\u0131 renkli \u0131\u015f\u0131k ikaz\u0131 Harici ve dahili reset butonu 11 Pinli montaj soketi 30 Y\u0131ll\u0131k proses deneyimi<\/p>","protected":false},"featured_media":1199,"template":"","meta":{"inline_featured_image":false},"product_cat":[76,56],"product_tag":[],"class_list":{"0":"post-1302","1":"product","2":"type-product","3":"status-publish","4":"has-post-thumbnail","6":"product_cat-gaz-yakicilar-icin-kontrol","7":"product_cat-mechanical","9":"first","10":"instock","11":"shipping-taxable","12":"product-type-simple"},"_links":{"self":[{"href":"https:\/\/mechanicalandwelding.com\/en\/wp-json\/wp\/v2\/product\/1302","targetHints":{"allow":["GET"]}}],"collection":[{"href":"https:\/\/mechanicalandwelding.com\/en\/wp-json\/wp\/v2\/product"}],"about":[{"href":"https:\/\/mechanicalandwelding.com\/en\/wp-json\/wp\/v2\/types\/product"}],"wp:featuredmedia":[{"embeddable":true,"href":"https:\/\/mechanicalandwelding.com\/en\/wp-json\/wp\/v2\/media\/1199"}],"wp:attachment":[{"href":"https:\/\/mechanicalandwelding.com\/en\/wp-json\/wp\/v2\/media?parent=1302"}],"wp:term":[{"taxonomy":"product_cat","embeddable":true,"href":"https:\/\/mechanicalandwelding.com\/en\/wp-json\/wp\/v2\/product_cat?post=1302"},{"taxonomy":"product_tag","embeddable":true,"href":"https:\/\/mechanicalandwelding.com\/en\/wp-json\/wp\/v2\/product_tag?post=1302"}],"curies":[{"name":"wp","href":"https:\/\/api.w.org\/{rel}","templated":true}]}}