{"id":1303,"date":"2024-08-08T11:53:38","date_gmt":"2024-08-08T08:53:38","guid":{"rendered":"https:\/\/mechanicalandwelding.com\/?post_type=product&#038;p=1303"},"modified":"2024-08-08T11:53:38","modified_gmt":"2024-08-08T08:53:38","slug":"06-serileri","status":"publish","type":"product","link":"https:\/\/mechanicalandwelding.com\/en\/product\/06-serileri\/","title":{"rendered":"06 SER\u0130LER\u0130"},"content":{"rendered":"<ul>\n<li>Atmosferik ve fanl\u0131 gaz br\u00fcl\u00f6r\u00fc kontrol\u00fc<\/li>\n<li>On- Off Servomotor \u00e7\u0131k\u0131\u015f\u0131<\/li>\n<li>Dahili ve harici reset<\/li>\n<li>Y\u00fcksek \u00e7al\u0131\u015fma \u00f6mr\u00fc<\/li>\n<li>\u00c7ift kademe valf \u00e7\u0131k\u0131\u015f\u0131<\/li>\n<\/ul>","protected":false},"excerpt":{"rendered":"<p>Atmosferik ve fanl\u0131 gaz br\u00fcl\u00f6r\u00fc kontrol\u00fc On- Off Servomotor \u00e7\u0131k\u0131\u015f\u0131 Dahili ve harici reset Y\u00fcksek \u00e7al\u0131\u015fma \u00f6mr\u00fc \u00c7ift kademe valf \u00e7\u0131k\u0131\u015f\u0131<\/p>","protected":false},"featured_media":1200,"template":"","meta":{"inline_featured_image":false},"product_cat":[76,56],"product_tag":[],"class_list":{"0":"post-1303","1":"product","2":"type-product","3":"status-publish","4":"has-post-thumbnail","6":"product_cat-gaz-yakicilar-icin-kontrol","7":"product_cat-mechanical","9":"first","10":"instock","11":"shipping-taxable","12":"product-type-simple"},"_links":{"self":[{"href":"https:\/\/mechanicalandwelding.com\/en\/wp-json\/wp\/v2\/product\/1303","targetHints":{"allow":["GET"]}}],"collection":[{"href":"https:\/\/mechanicalandwelding.com\/en\/wp-json\/wp\/v2\/product"}],"about":[{"href":"https:\/\/mechanicalandwelding.com\/en\/wp-json\/wp\/v2\/types\/product"}],"wp:featuredmedia":[{"embeddable":true,"href":"https:\/\/mechanicalandwelding.com\/en\/wp-json\/wp\/v2\/media\/1200"}],"wp:attachment":[{"href":"https:\/\/mechanicalandwelding.com\/en\/wp-json\/wp\/v2\/media?parent=1303"}],"wp:term":[{"taxonomy":"product_cat","embeddable":true,"href":"https:\/\/mechanicalandwelding.com\/en\/wp-json\/wp\/v2\/product_cat?post=1303"},{"taxonomy":"product_tag","embeddable":true,"href":"https:\/\/mechanicalandwelding.com\/en\/wp-json\/wp\/v2\/product_tag?post=1303"}],"curies":[{"name":"wp","href":"https:\/\/api.w.org\/{rel}","templated":true}]}}