{"id":1304,"date":"2024-08-08T11:54:37","date_gmt":"2024-08-08T08:54:37","guid":{"rendered":"https:\/\/mechanicalandwelding.com\/?post_type=product&#038;p=1304"},"modified":"2024-08-08T11:54:50","modified_gmt":"2024-08-08T08:54:50","slug":"03a","status":"publish","type":"product","link":"https:\/\/mechanicalandwelding.com\/en\/product\/03a\/","title":{"rendered":"03A"},"content":{"rendered":"<ul>\n<li>Minimum boyut, maksimum performans<\/li>\n<li>25 Y\u0131ll\u0131k proses deneyimi<\/li>\n<li>\u0130yonizasyon veya UV. Dedekt\u00f6r giri\u015fi<\/li>\n<li>03A1 Modellerinde kontak zaman ayar\u0131<\/li>\n<li>03A2 Modellerinde RS 485 Haberle\u015fme<\/li>\n<li>03A2 Modellerinde hassasiyet ayar\u0131<\/li>\n<li>03A2 Modellerinde alev e\u015fik ayar\u0131<\/li>\n<li><\/li>\n<\/ul>","protected":false},"excerpt":{"rendered":"<p>Minimum boyut, maksimum performans 25 Y\u0131ll\u0131k proses deneyimi \u0130yonizasyon veya UV. Dedekt\u00f6r giri\u015fi 03A1 Modellerinde kontak zaman ayar\u0131 03A2 Modellerinde RS 485 Haberle\u015fme 03A2 Modellerinde hassasiyet ayar\u0131 03A2 Modellerinde alev e\u015fik ayar\u0131<\/p>","protected":false},"featured_media":1189,"template":"","meta":{"inline_featured_image":false},"product_cat":[77,56],"product_tag":[],"class_list":{"0":"post-1304","1":"product","2":"type-product","3":"status-publish","4":"has-post-thumbnail","6":"product_cat-alev-monitorleri","7":"product_cat-mechanical","9":"first","10":"instock","11":"shipping-taxable","12":"product-type-simple"},"_links":{"self":[{"href":"https:\/\/mechanicalandwelding.com\/en\/wp-json\/wp\/v2\/product\/1304","targetHints":{"allow":["GET"]}}],"collection":[{"href":"https:\/\/mechanicalandwelding.com\/en\/wp-json\/wp\/v2\/product"}],"about":[{"href":"https:\/\/mechanicalandwelding.com\/en\/wp-json\/wp\/v2\/types\/product"}],"wp:featuredmedia":[{"embeddable":true,"href":"https:\/\/mechanicalandwelding.com\/en\/wp-json\/wp\/v2\/media\/1189"}],"wp:attachment":[{"href":"https:\/\/mechanicalandwelding.com\/en\/wp-json\/wp\/v2\/media?parent=1304"}],"wp:term":[{"taxonomy":"product_cat","embeddable":true,"href":"https:\/\/mechanicalandwelding.com\/en\/wp-json\/wp\/v2\/product_cat?post=1304"},{"taxonomy":"product_tag","embeddable":true,"href":"https:\/\/mechanicalandwelding.com\/en\/wp-json\/wp\/v2\/product_tag?post=1304"}],"curies":[{"name":"wp","href":"https:\/\/api.w.org\/{rel}","templated":true}]}}