{"id":1305,"date":"2024-08-08T11:55:31","date_gmt":"2024-08-08T08:55:31","guid":{"rendered":"https:\/\/mechanicalandwelding.com\/?post_type=product&#038;p=1305"},"modified":"2024-08-08T11:55:32","modified_gmt":"2024-08-08T08:55:32","slug":"03b","status":"publish","type":"product","link":"https:\/\/mechanicalandwelding.com\/en\/product\/03b\/","title":{"rendered":"03B"},"content":{"rendered":"<ul>\n<li>2- 3 veya 4 Ayr\u0131 alev bilgisi giri\u015fi<\/li>\n<li>Her kanal i\u00e7in ayr\u0131 led g\u00f6sterge<\/li>\n<li>Alev bilgisi tamamland\u0131\u011f\u0131nda \u00e7\u0131k\u0131\u015f bilgisi<\/li>\n<li>Minimum boyut (72x77x39 mm.)<\/li>\n<\/ul>","protected":false},"excerpt":{"rendered":"<p>2- 3 veya 4 Ayr\u0131 alev bilgisi giri\u015fi Her kanal i\u00e7in ayr\u0131 led g\u00f6sterge Alev bilgisi tamamland\u0131\u011f\u0131nda \u00e7\u0131k\u0131\u015f bilgisi Minimum boyut (72x77x39 mm.)<\/p>","protected":false},"featured_media":1190,"template":"","meta":{"inline_featured_image":false},"product_cat":[77,56],"product_tag":[],"class_list":{"0":"post-1305","1":"product","2":"type-product","3":"status-publish","4":"has-post-thumbnail","6":"product_cat-alev-monitorleri","7":"product_cat-mechanical","9":"first","10":"instock","11":"shipping-taxable","12":"product-type-simple"},"_links":{"self":[{"href":"https:\/\/mechanicalandwelding.com\/en\/wp-json\/wp\/v2\/product\/1305","targetHints":{"allow":["GET"]}}],"collection":[{"href":"https:\/\/mechanicalandwelding.com\/en\/wp-json\/wp\/v2\/product"}],"about":[{"href":"https:\/\/mechanicalandwelding.com\/en\/wp-json\/wp\/v2\/types\/product"}],"wp:featuredmedia":[{"embeddable":true,"href":"https:\/\/mechanicalandwelding.com\/en\/wp-json\/wp\/v2\/media\/1190"}],"wp:attachment":[{"href":"https:\/\/mechanicalandwelding.com\/en\/wp-json\/wp\/v2\/media?parent=1305"}],"wp:term":[{"taxonomy":"product_cat","embeddable":true,"href":"https:\/\/mechanicalandwelding.com\/en\/wp-json\/wp\/v2\/product_cat?post=1305"},{"taxonomy":"product_tag","embeddable":true,"href":"https:\/\/mechanicalandwelding.com\/en\/wp-json\/wp\/v2\/product_tag?post=1305"}],"curies":[{"name":"wp","href":"https:\/\/api.w.org\/{rel}","templated":true}]}}