{"id":1306,"date":"2024-08-08T11:56:43","date_gmt":"2024-08-08T08:56:43","guid":{"rendered":"https:\/\/mechanicalandwelding.com\/?post_type=product&#038;p=1306"},"modified":"2024-08-08T11:56:43","modified_gmt":"2024-08-08T08:56:43","slug":"3h-03u-03ma","status":"publish","type":"product","link":"https:\/\/mechanicalandwelding.com\/en\/product\/3h-03u-03ma\/","title":{"rendered":"3H- 03U- 03MA"},"content":{"rendered":"<ul>\n<li>Alev sinyaline ba\u011fl\u0131\u00a0 bargraf<\/li>\n<li>Pano \u00fczeri montaj ( 48&#215;96 mm.)<\/li>\n<li>4 &#8211; 20 mA \u00c7\u0131k\u0131\u015f ( 03MA Modelleri)<\/li>\n<li>Displayde On &#8211; Off Mesaj\u0131<\/li>\n<li>\u00c7\u0131k\u0131\u015f Konta\u011f\u0131 zaman ayar\u0131<\/li>\n<\/ul>","protected":false},"excerpt":{"rendered":"<p>Alev sinyaline ba\u011fl\u0131\u00a0 bargraf Pano \u00fczeri montaj ( 48&#215;96 mm.) 4 &#8211; 20 mA \u00c7\u0131k\u0131\u015f ( 03MA Modelleri) Displayde On &#8211; Off Mesaj\u0131 \u00c7\u0131k\u0131\u015f Konta\u011f\u0131 zaman ayar\u0131<\/p>","protected":false},"featured_media":1197,"template":"","meta":{"inline_featured_image":false},"product_cat":[15],"product_tag":[],"class_list":{"0":"post-1306","1":"product","2":"type-product","3":"status-publish","4":"has-post-thumbnail","6":"product_cat-mechanical-and-welding","8":"first","9":"instock","10":"shipping-taxable","11":"product-type-simple"},"_links":{"self":[{"href":"https:\/\/mechanicalandwelding.com\/en\/wp-json\/wp\/v2\/product\/1306","targetHints":{"allow":["GET"]}}],"collection":[{"href":"https:\/\/mechanicalandwelding.com\/en\/wp-json\/wp\/v2\/product"}],"about":[{"href":"https:\/\/mechanicalandwelding.com\/en\/wp-json\/wp\/v2\/types\/product"}],"wp:featuredmedia":[{"embeddable":true,"href":"https:\/\/mechanicalandwelding.com\/en\/wp-json\/wp\/v2\/media\/1197"}],"wp:attachment":[{"href":"https:\/\/mechanicalandwelding.com\/en\/wp-json\/wp\/v2\/media?parent=1306"}],"wp:term":[{"taxonomy":"product_cat","embeddable":true,"href":"https:\/\/mechanicalandwelding.com\/en\/wp-json\/wp\/v2\/product_cat?post=1306"},{"taxonomy":"product_tag","embeddable":true,"href":"https:\/\/mechanicalandwelding.com\/en\/wp-json\/wp\/v2\/product_tag?post=1306"}],"curies":[{"name":"wp","href":"https:\/\/api.w.org\/{rel}","templated":true}]}}