{"id":1313,"date":"2024-08-08T12:02:08","date_gmt":"2024-08-08T09:02:08","guid":{"rendered":"https:\/\/mechanicalandwelding.com\/?post_type=product&#038;p=1313"},"modified":"2024-08-08T12:02:09","modified_gmt":"2024-08-08T09:02:09","slug":"mechanical-3fe-rectification-uv-detector","status":"publish","type":"product","link":"https:\/\/mechanicalandwelding.com\/en\/product\/mechanical-3fe-rectification-uv-detector\/","title":{"rendered":"Mechanical &#8211; 3FE RECTIFICATION UV DETECTOR"},"content":{"rendered":"<ul>\n<li>End\u00fcstriyel yakma sistemlerinde alev g\u00f6zetimi<\/li>\n<li>Korozif ortamlarda uzun \u00f6m\u00fcrl\u00fc \u00e7al\u0131\u015fma<\/li>\n<li>Y\u00fcksek koruma s\u0131n\u0131f\u0131<\/li>\n<li>AISI 304 SS Paslanmaz d\u0131\u015f g\u00f6vde<\/li>\n<li>Kombinasyon yak\u0131c\u0131lar\u0131na uyumlu alev denetimi<\/li>\n<\/ul>","protected":false},"excerpt":{"rendered":"<p>End\u00fcstriyel yakma sistemlerinde alev g\u00f6zetimi Korozif ortamlarda uzun \u00f6m\u00fcrl\u00fc \u00e7al\u0131\u015fma Y\u00fcksek koruma s\u0131n\u0131f\u0131 AISI 304 SS Paslanmaz d\u0131\u015f g\u00f6vde Kombinasyon yak\u0131c\u0131lar\u0131na uyumlu alev denetimi<\/p>","protected":false},"featured_media":1191,"template":"","meta":{"inline_featured_image":false},"product_cat":[78,56],"product_tag":[],"class_list":{"0":"post-1313","1":"product","2":"type-product","3":"status-publish","4":"has-post-thumbnail","6":"product_cat-alev-dedektorleri","7":"product_cat-mechanical","9":"first","10":"instock","11":"shipping-taxable","12":"product-type-simple"},"_links":{"self":[{"href":"https:\/\/mechanicalandwelding.com\/en\/wp-json\/wp\/v2\/product\/1313","targetHints":{"allow":["GET"]}}],"collection":[{"href":"https:\/\/mechanicalandwelding.com\/en\/wp-json\/wp\/v2\/product"}],"about":[{"href":"https:\/\/mechanicalandwelding.com\/en\/wp-json\/wp\/v2\/types\/product"}],"wp:featuredmedia":[{"embeddable":true,"href":"https:\/\/mechanicalandwelding.com\/en\/wp-json\/wp\/v2\/media\/1191"}],"wp:attachment":[{"href":"https:\/\/mechanicalandwelding.com\/en\/wp-json\/wp\/v2\/media?parent=1313"}],"wp:term":[{"taxonomy":"product_cat","embeddable":true,"href":"https:\/\/mechanicalandwelding.com\/en\/wp-json\/wp\/v2\/product_cat?post=1313"},{"taxonomy":"product_tag","embeddable":true,"href":"https:\/\/mechanicalandwelding.com\/en\/wp-json\/wp\/v2\/product_tag?post=1313"}],"curies":[{"name":"wp","href":"https:\/\/api.w.org\/{rel}","templated":true}]}}