{"id":1318,"date":"2024-08-08T12:08:48","date_gmt":"2024-08-08T09:08:48","guid":{"rendered":"https:\/\/mechanicalandwelding.com\/?post_type=product&#038;p=1318"},"modified":"2024-08-08T12:08:49","modified_gmt":"2024-08-08T09:08:49","slug":"ssm-4-servomotor","status":"publish","type":"product","link":"https:\/\/mechanicalandwelding.com\/en\/product\/ssm-4-servomotor\/","title":{"rendered":"SSM &#8211; 4 Servomotor"},"content":{"rendered":"<ul>\n<li>24 VAC \/ 24 VDC. Besleme<\/li>\n<li>D\u00fc\u015f\u00fck enerji, y\u00fcksek okuma h\u0131z\u0131<\/li>\n<li>Kolay montaj soketi<\/li>\n<li>4 &#8211; 20 mA Kontrol sinyali<\/li>\n<li>4 &#8211; 20 mA Feed Back<\/li>\n<li>90 derece &#8211; 32 Saniye d\u00f6nme zaman\u0131<\/li>\n<li>IP 54 Koruma s\u0131n\u0131f\u0131<\/li>\n<li>Basitle\u015ftirilmi\u015f montaj adapt\u00f6r\u00fc<\/li>\n<li>El terminali vas\u0131tas\u0131yla kolay\u00a0programlanabilme<\/li>\n<\/ul>","protected":false},"excerpt":{"rendered":"<p>24 VAC \/ 24 VDC. Besleme D\u00fc\u015f\u00fck enerji, y\u00fcksek okuma h\u0131z\u0131 Kolay montaj soketi 4 &#8211; 20 mA Kontrol sinyali 4 &#8211; 20 mA Feed Back 90 derece &#8211; 32 Saniye d\u00f6nme zaman\u0131 IP 54 Koruma s\u0131n\u0131f\u0131 Basitle\u015ftirilmi\u015f montaj adapt\u00f6r\u00fc El terminali vas\u0131tas\u0131yla kolay\u00a0programlanabilme<\/p>","protected":false},"featured_media":1036,"template":"","meta":{"inline_featured_image":false},"product_cat":[56,79],"product_tag":[],"class_list":{"0":"post-1318","1":"product","2":"type-product","3":"status-publish","4":"has-post-thumbnail","6":"product_cat-mechanical","7":"product_cat-servo-motorlar-mechanical","9":"first","10":"instock","11":"shipping-taxable","12":"product-type-simple"},"_links":{"self":[{"href":"https:\/\/mechanicalandwelding.com\/en\/wp-json\/wp\/v2\/product\/1318","targetHints":{"allow":["GET"]}}],"collection":[{"href":"https:\/\/mechanicalandwelding.com\/en\/wp-json\/wp\/v2\/product"}],"about":[{"href":"https:\/\/mechanicalandwelding.com\/en\/wp-json\/wp\/v2\/types\/product"}],"wp:featuredmedia":[{"embeddable":true,"href":"https:\/\/mechanicalandwelding.com\/en\/wp-json\/wp\/v2\/media\/1036"}],"wp:attachment":[{"href":"https:\/\/mechanicalandwelding.com\/en\/wp-json\/wp\/v2\/media?parent=1318"}],"wp:term":[{"taxonomy":"product_cat","embeddable":true,"href":"https:\/\/mechanicalandwelding.com\/en\/wp-json\/wp\/v2\/product_cat?post=1318"},{"taxonomy":"product_tag","embeddable":true,"href":"https:\/\/mechanicalandwelding.com\/en\/wp-json\/wp\/v2\/product_tag?post=1318"}],"curies":[{"name":"wp","href":"https:\/\/api.w.org\/{rel}","templated":true}]}}