{"id":1321,"date":"2024-08-08T12:57:33","date_gmt":"2024-08-08T09:57:33","guid":{"rendered":"https:\/\/mechanicalandwelding.com\/?post_type=product&#038;p=1321"},"modified":"2024-08-08T12:57:33","modified_gmt":"2024-08-08T09:57:33","slug":"atesleme-trafolari","status":"publish","type":"product","link":"https:\/\/mechanicalandwelding.com\/en\/product\/atesleme-trafolari\/","title":{"rendered":"Ate\u015fleme Trafolar\u0131"},"content":{"rendered":"<ul>\n<li>Primer voltaj 115 &#8211; 230 V<\/li>\n<li>Frekans 50 &#8211; 60 Hz<\/li>\n<li>Sekonder voltaj 1 x 8000 V<\/li>\n<li>Primer ak\u0131m 2 &#8211; 1 A<\/li>\n<li>Sekonder ak\u0131m 20 mA<\/li>\n<li>G\u00fc\u00e7 t\u00fcketimi 220 VA<\/li>\n<li>Her 3 dakikada bir kesinti %20<\/li>\n<li>A\u011f\u0131rl\u0131\u011f\u0131 1.3 kg.<\/li>\n<li>Besleme kablosunun boyu 19 cm.<\/li>\n<li>Y\u00fcksek gerilim ba\u011flant\u0131s\u0131 Kendinden di\u015fli<\/li>\n<li>Y\u00fcksek gerilim kablosu Silikon (d\u0131s \u00e7ap 7mm.)<\/li>\n<li>Y\u00fcksek gerilim kablosunun boyu 1 m. (max. 2 m.)<\/li>\n<li>\u00c7al\u0131\u015fma s\u0131cakl\u0131g\u0131 0 &#8211; 70\u00b0C<\/li>\n<li>Trafonun i\u015flevi Ate\u015fleme ve g\u00f6zetleme<\/li>\n<li>Montaj konumu Her t\u00fcrl\u00fc<\/li>\n<\/ul>","protected":false},"excerpt":{"rendered":"<p>Primer voltaj 115 &#8211; 230 V Frekans 50 &#8211; 60 Hz Sekonder voltaj 1 x 8000 V Primer ak\u0131m 2 &#8211; 1 A Sekonder ak\u0131m 20 mA G\u00fc\u00e7 t\u00fcketimi 220 VA Her 3 dakikada bir kesinti %20 A\u011f\u0131rl\u0131\u011f\u0131 1.3 kg. Besleme kablosunun boyu 19 cm. Y\u00fcksek gerilim ba\u011flant\u0131s\u0131 Kendinden di\u015fli Y\u00fcksek gerilim kablosu Silikon (d\u0131s [&hellip;]<\/p>","protected":false},"featured_media":1111,"template":"","meta":{"inline_featured_image":false},"product_cat":[81,56],"product_tag":[],"class_list":{"0":"post-1321","1":"product","2":"type-product","3":"status-publish","4":"has-post-thumbnail","6":"product_cat-atesleme-ve-kontrol-sistemleri","7":"product_cat-mechanical","9":"first","10":"instock","11":"shipping-taxable","12":"product-type-simple"},"_links":{"self":[{"href":"https:\/\/mechanicalandwelding.com\/en\/wp-json\/wp\/v2\/product\/1321","targetHints":{"allow":["GET"]}}],"collection":[{"href":"https:\/\/mechanicalandwelding.com\/en\/wp-json\/wp\/v2\/product"}],"about":[{"href":"https:\/\/mechanicalandwelding.com\/en\/wp-json\/wp\/v2\/types\/product"}],"wp:featuredmedia":[{"embeddable":true,"href":"https:\/\/mechanicalandwelding.com\/en\/wp-json\/wp\/v2\/media\/1111"}],"wp:attachment":[{"href":"https:\/\/mechanicalandwelding.com\/en\/wp-json\/wp\/v2\/media?parent=1321"}],"wp:term":[{"taxonomy":"product_cat","embeddable":true,"href":"https:\/\/mechanicalandwelding.com\/en\/wp-json\/wp\/v2\/product_cat?post=1321"},{"taxonomy":"product_tag","embeddable":true,"href":"https:\/\/mechanicalandwelding.com\/en\/wp-json\/wp\/v2\/product_tag?post=1321"}],"curies":[{"name":"wp","href":"https:\/\/api.w.org\/{rel}","templated":true}]}}