{"id":1322,"date":"2024-08-08T12:58:44","date_gmt":"2024-08-08T09:58:44","guid":{"rendered":"https:\/\/mechanicalandwelding.com\/?post_type=product&#038;p=1322"},"modified":"2024-08-08T12:58:44","modified_gmt":"2024-08-08T09:58:44","slug":"pilot-brulorler","status":"publish","type":"product","link":"https:\/\/mechanicalandwelding.com\/en\/product\/pilot-brulorler\/","title":{"rendered":"Pilot Br\u00fcl\u00f6rler"},"content":{"rendered":"<p>En basit donan\u0131mla en m\u00fckemmel alevi elde etmek istiyorsan\u0131z AYC \/ PB\u2026 Serisi pilot yak\u0131c\u0131lar\u0131m\u0131zdan kullanman\u0131z gerekecektir. Basit, fakat i\u015flevselli\u011fi m\u00fckemmel kar\u0131\u015f\u0131m sisteminin yap\u0131s\u0131 PB\u2026 Serisini tercih etmenizin en b\u00fcy\u00fck sebebi olacakt\u0131r.<\/p>\n<p>\u00d6zel ala\u015f\u0131mla yap\u0131lm\u0131\u015f yanma nozulunun gerekti\u011fi zaman de\u011fi\u015ftirilebilir olmas\u0131, ate\u015fleme elektrotunun yerle\u015fim ve kolay monte &#8211; demonte i\u015flemi onu kullanmakta ne kadar ak\u0131ll\u0131 bir karar verdi\u011finizi tescilleyecektir.<\/p>\n<p>AYC \/ PB Serisi pilot br\u00fcl\u00f6rler Al\u00fcminyum biyet f\u0131r\u0131nlar\u0131nda &#8211; g\u00fc\u00e7 br\u00fcl\u00f6rlerinin ate\u015flemesinde &#8211; Homojen \u0131s\u0131 da\u011f\u0131l\u0131m\u0131 istenen k\u00fc\u00e7\u00fck f\u0131r\u0131nlarda \u00e7oklu br\u00fcl\u00f6r olarak &#8211; \u00d6zel reakt\u00f6rlerde \u00e7e\u015fitli yak\u0131tlar\u0131 ate\u015flemek i\u00e7in ba\u015far\u0131 ile \u00e7al\u0131\u015fmaktad\u0131r.<\/p>","protected":false},"excerpt":{"rendered":"<p>En basit donan\u0131mla en m\u00fckemmel alevi elde etmek istiyorsan\u0131z AYC \/ PB\u2026 Serisi pilot yak\u0131c\u0131lar\u0131m\u0131zdan kullanman\u0131z gerekecektir. Basit, fakat i\u015flevselli\u011fi m\u00fckemmel kar\u0131\u015f\u0131m sisteminin yap\u0131s\u0131 PB\u2026 Serisini tercih etmenizin en b\u00fcy\u00fck sebebi olacakt\u0131r. \u00d6zel ala\u015f\u0131mla yap\u0131lm\u0131\u015f yanma nozulunun gerekti\u011fi zaman de\u011fi\u015ftirilebilir olmas\u0131, ate\u015fleme elektrotunun yerle\u015fim ve kolay monte &#8211; demonte i\u015flemi onu kullanmakta ne kadar ak\u0131ll\u0131 [&hellip;]<\/p>","protected":false},"featured_media":1185,"template":"","meta":{"inline_featured_image":false},"product_cat":[81,56],"product_tag":[],"class_list":{"0":"post-1322","1":"product","2":"type-product","3":"status-publish","4":"has-post-thumbnail","6":"product_cat-atesleme-ve-kontrol-sistemleri","7":"product_cat-mechanical","9":"first","10":"instock","11":"shipping-taxable","12":"product-type-simple"},"_links":{"self":[{"href":"https:\/\/mechanicalandwelding.com\/en\/wp-json\/wp\/v2\/product\/1322","targetHints":{"allow":["GET"]}}],"collection":[{"href":"https:\/\/mechanicalandwelding.com\/en\/wp-json\/wp\/v2\/product"}],"about":[{"href":"https:\/\/mechanicalandwelding.com\/en\/wp-json\/wp\/v2\/types\/product"}],"wp:featuredmedia":[{"embeddable":true,"href":"https:\/\/mechanicalandwelding.com\/en\/wp-json\/wp\/v2\/media\/1185"}],"wp:attachment":[{"href":"https:\/\/mechanicalandwelding.com\/en\/wp-json\/wp\/v2\/media?parent=1322"}],"wp:term":[{"taxonomy":"product_cat","embeddable":true,"href":"https:\/\/mechanicalandwelding.com\/en\/wp-json\/wp\/v2\/product_cat?post=1322"},{"taxonomy":"product_tag","embeddable":true,"href":"https:\/\/mechanicalandwelding.com\/en\/wp-json\/wp\/v2\/product_tag?post=1322"}],"curies":[{"name":"wp","href":"https:\/\/api.w.org\/{rel}","templated":true}]}}