{"id":1323,"date":"2024-08-08T12:59:53","date_gmt":"2024-08-08T09:59:53","guid":{"rendered":"https:\/\/mechanicalandwelding.com\/?post_type=product&#038;p=1323"},"modified":"2024-08-08T12:59:53","modified_gmt":"2024-08-08T09:59:53","slug":"sivi-yakit-oran-valfi","status":"publish","type":"product","link":"https:\/\/mechanicalandwelding.com\/en\/product\/sivi-yakit-oran-valfi\/","title":{"rendered":"S\u0131v\u0131 Yak\u0131t Oran Valfi"},"content":{"rendered":"<ul>\n<li>Servomotor montaj kaplini<\/li>\n<li>Servomotor montaj sehpas\u0131<\/li>\n<li>Yak\u0131t giri\u015fi<\/li>\n<li>Yak\u0131t \u00c7\u0131k\u0131\u015f\u0131<\/li>\n<li>Yak\u0131t giri\u015fi (Alternatif )<\/li>\n<li>Yak\u0131t \u00e7\u0131k\u0131\u015f\u0131 ( Alternatif )<\/li>\n<li>Muhafaza Kapa\u011f\u0131 ( Vidal\u0131 )<\/li>\n<li>Montaj delikleri<\/li>\n<li>Debi ayar vidas\u0131<\/li>\n<li>Sabitleme vidas\u0131 ( A\u00e7may\u0131n\u0131z )<\/li>\n<li>Kusursuz alev dengesi<\/li>\n<\/ul>","protected":false},"excerpt":{"rendered":"<p>Servomotor montaj kaplini Servomotor montaj sehpas\u0131 Yak\u0131t giri\u015fi Yak\u0131t \u00c7\u0131k\u0131\u015f\u0131 Yak\u0131t giri\u015fi (Alternatif ) Yak\u0131t \u00e7\u0131k\u0131\u015f\u0131 ( Alternatif ) Muhafaza Kapa\u011f\u0131 ( Vidal\u0131 ) Montaj delikleri Debi ayar vidas\u0131 Sabitleme vidas\u0131 ( A\u00e7may\u0131n\u0131z ) Kusursuz alev dengesi<\/p>","protected":false},"featured_media":1211,"template":"","meta":{"inline_featured_image":false},"product_cat":[81,56],"product_tag":[],"class_list":{"0":"post-1323","1":"product","2":"type-product","3":"status-publish","4":"has-post-thumbnail","6":"product_cat-atesleme-ve-kontrol-sistemleri","7":"product_cat-mechanical","9":"first","10":"instock","11":"shipping-taxable","12":"product-type-simple"},"_links":{"self":[{"href":"https:\/\/mechanicalandwelding.com\/en\/wp-json\/wp\/v2\/product\/1323","targetHints":{"allow":["GET"]}}],"collection":[{"href":"https:\/\/mechanicalandwelding.com\/en\/wp-json\/wp\/v2\/product"}],"about":[{"href":"https:\/\/mechanicalandwelding.com\/en\/wp-json\/wp\/v2\/types\/product"}],"wp:featuredmedia":[{"embeddable":true,"href":"https:\/\/mechanicalandwelding.com\/en\/wp-json\/wp\/v2\/media\/1211"}],"wp:attachment":[{"href":"https:\/\/mechanicalandwelding.com\/en\/wp-json\/wp\/v2\/media?parent=1323"}],"wp:term":[{"taxonomy":"product_cat","embeddable":true,"href":"https:\/\/mechanicalandwelding.com\/en\/wp-json\/wp\/v2\/product_cat?post=1323"},{"taxonomy":"product_tag","embeddable":true,"href":"https:\/\/mechanicalandwelding.com\/en\/wp-json\/wp\/v2\/product_tag?post=1323"}],"curies":[{"name":"wp","href":"https:\/\/api.w.org\/{rel}","templated":true}]}}