{"id":1324,"date":"2024-08-08T13:01:20","date_gmt":"2024-08-08T10:01:20","guid":{"rendered":"https:\/\/mechanicalandwelding.com\/?post_type=product&#038;p=1324"},"modified":"2024-08-08T13:01:20","modified_gmt":"2024-08-08T10:01:20","slug":"mechanical-10-15-hava-gaz-karisimm-mixerleri","status":"publish","type":"product","link":"https:\/\/mechanicalandwelding.com\/en\/product\/mechanical-10-15-hava-gaz-karisimm-mixerleri\/","title":{"rendered":"Mechanical &#8211; 10 \/ 15 Hava &#8211; gaz kar\u0131\u015f\u0131mm mixerleri"},"content":{"rendered":"<ul>\n<li>K\u00fc\u00e7\u00fck kapasiteli yak\u0131c\u0131lar i\u00e7in ideal kar\u0131\u015f\u0131m<\/li>\n<li>3\/8&#8243; Ba\u011flant\u0131l\u0131 debi ayarl\u0131 gaz giri\u015fi<\/li>\n<li>3\/4&#8243; Hava giri\u015fi &#8211; 3\/4&#8243; Kar\u0131\u015f\u0131m \u00e7\u0131k\u0131\u015f\u0131<\/li>\n<li>Darbelere dayan\u0131kl\u0131 d\u00f6k\u00fcm g\u00f6vde<\/li>\n<li>7&#8230; 12 mm. Aras\u0131nda de\u011fi\u015febilir orifis<\/li>\n<\/ul>","protected":false},"excerpt":{"rendered":"<p>K\u00fc\u00e7\u00fck kapasiteli yak\u0131c\u0131lar i\u00e7in ideal kar\u0131\u015f\u0131m 3\/8&#8243; Ba\u011flant\u0131l\u0131 debi ayarl\u0131 gaz giri\u015fi 3\/4&#8243; Hava giri\u015fi &#8211; 3\/4&#8243; Kar\u0131\u015f\u0131m \u00e7\u0131k\u0131\u015f\u0131 Darbelere dayan\u0131kl\u0131 d\u00f6k\u00fcm g\u00f6vde 7&#8230; 12 mm. Aras\u0131nda de\u011fi\u015febilir orifis<\/p>","protected":false},"featured_media":1149,"template":"","meta":{"inline_featured_image":false},"product_cat":[81,56],"product_tag":[],"class_list":{"0":"post-1324","1":"product","2":"type-product","3":"status-publish","4":"has-post-thumbnail","6":"product_cat-atesleme-ve-kontrol-sistemleri","7":"product_cat-mechanical","9":"first","10":"instock","11":"shipping-taxable","12":"product-type-simple"},"_links":{"self":[{"href":"https:\/\/mechanicalandwelding.com\/en\/wp-json\/wp\/v2\/product\/1324","targetHints":{"allow":["GET"]}}],"collection":[{"href":"https:\/\/mechanicalandwelding.com\/en\/wp-json\/wp\/v2\/product"}],"about":[{"href":"https:\/\/mechanicalandwelding.com\/en\/wp-json\/wp\/v2\/types\/product"}],"wp:featuredmedia":[{"embeddable":true,"href":"https:\/\/mechanicalandwelding.com\/en\/wp-json\/wp\/v2\/media\/1149"}],"wp:attachment":[{"href":"https:\/\/mechanicalandwelding.com\/en\/wp-json\/wp\/v2\/media?parent=1324"}],"wp:term":[{"taxonomy":"product_cat","embeddable":true,"href":"https:\/\/mechanicalandwelding.com\/en\/wp-json\/wp\/v2\/product_cat?post=1324"},{"taxonomy":"product_tag","embeddable":true,"href":"https:\/\/mechanicalandwelding.com\/en\/wp-json\/wp\/v2\/product_tag?post=1324"}],"curies":[{"name":"wp","href":"https:\/\/api.w.org\/{rel}","templated":true}]}}