{"id":1327,"date":"2024-08-08T13:08:30","date_gmt":"2024-08-08T10:08:30","guid":{"rendered":"https:\/\/mechanicalandwelding.com\/?post_type=product&#038;p=1327"},"modified":"2024-08-08T13:08:31","modified_gmt":"2024-08-08T10:08:31","slug":"ultraviyole-fotosel-lambalari","status":"publish","type":"product","link":"https:\/\/mechanicalandwelding.com\/en\/product\/ultraviyole-fotosel-lambalari\/","title":{"rendered":"Ultraviyole Fotosel Lambalar\u0131"},"content":{"rendered":"<ul>\n<li>ERA Marka fotoseller i\u00e7in 18838 Honeywell<\/li>\n<li>Landis Marka fotoseller i\u00e7in 4 502 1131 0 Landis<\/li>\n<li>Alternatif marka fotoseller i\u00e7in P607.. Sylvania<\/li>\n<\/ul>","protected":false},"excerpt":{"rendered":"<p>ERA Marka fotoseller i\u00e7in 18838 Honeywell Landis Marka fotoseller i\u00e7in 4 502 1131 0 Landis Alternatif marka fotoseller i\u00e7in P607.. Sylvania<\/p>","protected":false},"featured_media":1126,"template":"","meta":{"inline_featured_image":false},"product_cat":[81,56],"product_tag":[],"class_list":{"0":"post-1327","1":"product","2":"type-product","3":"status-publish","4":"has-post-thumbnail","6":"product_cat-atesleme-ve-kontrol-sistemleri","7":"product_cat-mechanical","9":"first","10":"instock","11":"shipping-taxable","12":"product-type-simple"},"_links":{"self":[{"href":"https:\/\/mechanicalandwelding.com\/en\/wp-json\/wp\/v2\/product\/1327","targetHints":{"allow":["GET"]}}],"collection":[{"href":"https:\/\/mechanicalandwelding.com\/en\/wp-json\/wp\/v2\/product"}],"about":[{"href":"https:\/\/mechanicalandwelding.com\/en\/wp-json\/wp\/v2\/types\/product"}],"wp:featuredmedia":[{"embeddable":true,"href":"https:\/\/mechanicalandwelding.com\/en\/wp-json\/wp\/v2\/media\/1126"}],"wp:attachment":[{"href":"https:\/\/mechanicalandwelding.com\/en\/wp-json\/wp\/v2\/media?parent=1327"}],"wp:term":[{"taxonomy":"product_cat","embeddable":true,"href":"https:\/\/mechanicalandwelding.com\/en\/wp-json\/wp\/v2\/product_cat?post=1327"},{"taxonomy":"product_tag","embeddable":true,"href":"https:\/\/mechanicalandwelding.com\/en\/wp-json\/wp\/v2\/product_tag?post=1327"}],"curies":[{"name":"wp","href":"https:\/\/api.w.org\/{rel}","templated":true}]}}