{"id":1328,"date":"2024-08-08T13:09:22","date_gmt":"2024-08-08T10:09:22","guid":{"rendered":"https:\/\/mechanicalandwelding.com\/?post_type=product&#038;p=1328"},"modified":"2024-08-08T13:09:23","modified_gmt":"2024-08-08T10:09:23","slug":"spec-954d","status":"publish","type":"product","link":"https:\/\/mechanicalandwelding.com\/en\/product\/spec-954d\/","title":{"rendered":"SPEC 954D"},"content":{"rendered":"<ul>\n<li>Hamur mayalama odalar\u0131nda klima cihazlar\u0131 i\u00e7in,<\/li>\n<li>Voltaja g\u00f6re seviye kontrol\u00fc i\u00e7in,<\/li>\n<li>Ak\u0131m trafosu ile \u00e7al\u0131\u015fan buhar \u00fcretim sistemlerinde seviye kontrol\u00fc i\u00e7in<\/li>\n<\/ul>","protected":false},"excerpt":{"rendered":"<p>Hamur mayalama odalar\u0131nda klima cihazlar\u0131 i\u00e7in, Voltaja g\u00f6re seviye kontrol\u00fc i\u00e7in, Ak\u0131m trafosu ile \u00e7al\u0131\u015fan buhar \u00fcretim sistemlerinde seviye kontrol\u00fc i\u00e7in<\/p>","protected":false},"featured_media":1213,"template":"","meta":{"inline_featured_image":false},"product_cat":[81,56],"product_tag":[],"class_list":{"0":"post-1328","1":"product","2":"type-product","3":"status-publish","4":"has-post-thumbnail","6":"product_cat-atesleme-ve-kontrol-sistemleri","7":"product_cat-mechanical","9":"first","10":"instock","11":"shipping-taxable","12":"product-type-simple"},"_links":{"self":[{"href":"https:\/\/mechanicalandwelding.com\/en\/wp-json\/wp\/v2\/product\/1328","targetHints":{"allow":["GET"]}}],"collection":[{"href":"https:\/\/mechanicalandwelding.com\/en\/wp-json\/wp\/v2\/product"}],"about":[{"href":"https:\/\/mechanicalandwelding.com\/en\/wp-json\/wp\/v2\/types\/product"}],"wp:featuredmedia":[{"embeddable":true,"href":"https:\/\/mechanicalandwelding.com\/en\/wp-json\/wp\/v2\/media\/1213"}],"wp:attachment":[{"href":"https:\/\/mechanicalandwelding.com\/en\/wp-json\/wp\/v2\/media?parent=1328"}],"wp:term":[{"taxonomy":"product_cat","embeddable":true,"href":"https:\/\/mechanicalandwelding.com\/en\/wp-json\/wp\/v2\/product_cat?post=1328"},{"taxonomy":"product_tag","embeddable":true,"href":"https:\/\/mechanicalandwelding.com\/en\/wp-json\/wp\/v2\/product_tag?post=1328"}],"curies":[{"name":"wp","href":"https:\/\/api.w.org\/{rel}","templated":true}]}}