{"id":1329,"date":"2024-08-08T13:12:00","date_gmt":"2024-08-08T10:12:00","guid":{"rendered":"https:\/\/mechanicalandwelding.com\/?post_type=product&#038;p=1329"},"modified":"2024-08-08T13:12:01","modified_gmt":"2024-08-08T10:12:01","slug":"c7027-35-44-serisi-alev-dedektorleri","status":"publish","type":"product","link":"https:\/\/mechanicalandwelding.com\/en\/product\/c7027-35-44-serisi-alev-dedektorleri\/","title":{"rendered":"C7027\/35\/44 SER\u0130S\u0130 ALEV DEDEKT\u00d6RLER\u0130"},"content":{"rendered":"<ul>\n<li>Kompakt UV Alev Sens\u00f6r\u00fc, alevden yay\u0131lan Ultraviole radyasyonlar\u0131 alg\u0131lar.\n<p>Ticari ve End\u00fcstriyel Br\u00fcl\u00f6r uygulamalar\u0131nda, Honeywell Br\u00fcl\u00f6r Beyinleri ile birlikte kullan\u0131larak alev denetimi yapar.<strong><\/p>\n<p><\/strong><\/li>\n<\/ul>","protected":false},"excerpt":{"rendered":"<p>Kompakt UV Alev Sens\u00f6r\u00fc, alevden yay\u0131lan Ultraviole radyasyonlar\u0131 alg\u0131lar. Ticari ve End\u00fcstriyel Br\u00fcl\u00f6r uygulamalar\u0131nda, Honeywell Br\u00fcl\u00f6r Beyinleri ile birlikte kullan\u0131larak alev denetimi yapar.<\/p>","protected":false},"featured_media":1027,"template":"","meta":{"inline_featured_image":false},"product_cat":[57,70],"product_tag":[],"class_list":{"0":"post-1329","1":"product","2":"type-product","3":"status-publish","4":"has-post-thumbnail","6":"product_cat-honeywell","7":"product_cat-yakma-kontrol-urunleri","9":"first","10":"instock","11":"shipping-taxable","12":"product-type-simple"},"_links":{"self":[{"href":"https:\/\/mechanicalandwelding.com\/en\/wp-json\/wp\/v2\/product\/1329","targetHints":{"allow":["GET"]}}],"collection":[{"href":"https:\/\/mechanicalandwelding.com\/en\/wp-json\/wp\/v2\/product"}],"about":[{"href":"https:\/\/mechanicalandwelding.com\/en\/wp-json\/wp\/v2\/types\/product"}],"wp:featuredmedia":[{"embeddable":true,"href":"https:\/\/mechanicalandwelding.com\/en\/wp-json\/wp\/v2\/media\/1027"}],"wp:attachment":[{"href":"https:\/\/mechanicalandwelding.com\/en\/wp-json\/wp\/v2\/media?parent=1329"}],"wp:term":[{"taxonomy":"product_cat","embeddable":true,"href":"https:\/\/mechanicalandwelding.com\/en\/wp-json\/wp\/v2\/product_cat?post=1329"},{"taxonomy":"product_tag","embeddable":true,"href":"https:\/\/mechanicalandwelding.com\/en\/wp-json\/wp\/v2\/product_tag?post=1329"}],"curies":[{"name":"wp","href":"https:\/\/api.w.org\/{rel}","templated":true}]}}