{"id":1330,"date":"2024-08-08T13:15:28","date_gmt":"2024-08-08T10:15:28","guid":{"rendered":"https:\/\/mechanicalandwelding.com\/?post_type=product&#038;p=1330"},"modified":"2024-08-08T13:15:29","modified_gmt":"2024-08-08T10:15:29","slug":"c7012-serisi-alev-dedektorleri","status":"publish","type":"product","link":"https:\/\/mechanicalandwelding.com\/en\/product\/c7012-serisi-alev-dedektorleri\/","title":{"rendered":"C7012 SER\u0130S\u0130 ALEV DEDEKT\u00d6RLER\u0130"},"content":{"rendered":"<p>UV, Self-check\u2019li, Mor dedekt\u00f6r, 120 Vac veya 240 Vac Alev Sens\u00f6r\u00fc<\/p>\n<p>Solid state elektronik Alev dedekt\u00f6rleri, Honeywell Alev kontrol cihaz ve amplifikat\u00f6rleri ile birlikte kullan\u0131l\u0131rlar. Gaz, fuel-oil, k\u00f6m\u00fcr ve di\u011fer s\u0131v\u0131 yak\u0131tlar\u0131n yanmas\u0131 sonucu \u00fcrettikleri UV \u0131\u015f\u0131nlar\u0131 hissederler.<\/p>\n<ul>\n<li>C7012 model yerine kullan\u0131labilir.<\/li>\n<li>Yatay, dikey veya ikisi aras\u0131ndaki herhangi bir a\u00e7\u0131da montaj edilebilir.<\/li>\n<li>Renkli kablolar\u0131, di\u015fli ba\u011flant\u0131 elemanlar\u0131 ile elektrik ba\u011flant\u0131s\u0131 kolayca yap\u0131l\u0131r.<\/li>\n<li>Paralel ba\u011flant\u0131daki kapatma hatalar\u0131n\u0131 en aza indirger.<\/li>\n<\/ul>","protected":false},"excerpt":{"rendered":"<p>UV, Self-check\u2019li, Mor dedekt\u00f6r, 120 Vac veya 240 Vac Alev Sens\u00f6r\u00fc Solid state elektronik Alev dedekt\u00f6rleri, Honeywell Alev kontrol cihaz ve amplifikat\u00f6rleri ile birlikte kullan\u0131l\u0131rlar. Gaz, fuel-oil, k\u00f6m\u00fcr ve di\u011fer s\u0131v\u0131 yak\u0131tlar\u0131n yanmas\u0131 sonucu \u00fcrettikleri UV \u0131\u015f\u0131nlar\u0131 hissederler. C7012 model yerine kullan\u0131labilir. Yatay, dikey veya ikisi aras\u0131ndaki herhangi bir a\u00e7\u0131da montaj edilebilir. Renkli kablolar\u0131, di\u015fli [&hellip;]<\/p>","protected":false},"featured_media":977,"template":"","meta":{"inline_featured_image":false},"product_cat":[73,57],"product_tag":[],"class_list":{"0":"post-1330","1":"product","2":"type-product","3":"status-publish","4":"has-post-thumbnail","6":"product_cat-endustriyel-tip-vana-motor","7":"product_cat-honeywell","9":"first","10":"instock","11":"shipping-taxable","12":"product-type-simple"},"_links":{"self":[{"href":"https:\/\/mechanicalandwelding.com\/en\/wp-json\/wp\/v2\/product\/1330","targetHints":{"allow":["GET"]}}],"collection":[{"href":"https:\/\/mechanicalandwelding.com\/en\/wp-json\/wp\/v2\/product"}],"about":[{"href":"https:\/\/mechanicalandwelding.com\/en\/wp-json\/wp\/v2\/types\/product"}],"wp:featuredmedia":[{"embeddable":true,"href":"https:\/\/mechanicalandwelding.com\/en\/wp-json\/wp\/v2\/media\/977"}],"wp:attachment":[{"href":"https:\/\/mechanicalandwelding.com\/en\/wp-json\/wp\/v2\/media?parent=1330"}],"wp:term":[{"taxonomy":"product_cat","embeddable":true,"href":"https:\/\/mechanicalandwelding.com\/en\/wp-json\/wp\/v2\/product_cat?post=1330"},{"taxonomy":"product_tag","embeddable":true,"href":"https:\/\/mechanicalandwelding.com\/en\/wp-json\/wp\/v2\/product_tag?post=1330"}],"curies":[{"name":"wp","href":"https:\/\/api.w.org\/{rel}","templated":true}]}}