{"id":1331,"date":"2024-08-08T13:20:05","date_gmt":"2024-08-08T10:20:05","guid":{"rendered":"https:\/\/mechanicalandwelding.com\/?post_type=product&#038;p=1331"},"modified":"2024-08-08T13:20:06","modified_gmt":"2024-08-08T10:20:06","slug":"c7076-serisi-alev-dedektorleri","status":"publish","type":"product","link":"https:\/\/mechanicalandwelding.com\/en\/product\/c7076-serisi-alev-dedektorleri\/","title":{"rendered":"C7076 SER\u0130S\u0130 ALEV DEDEKT\u00d6RLER\u0130"},"content":{"rendered":"<p>Hassasiyeti ayarlanabilir UV Alev Dedekt\u00f6r\u00fc<\/p>\n<p>Solid state Dinamik Self-check\u2019li Alev dedekt\u00f6rleri, BC7000, R4140 veya FSP5075, R7476 Amplifikat\u00f6r ve 7800 SERIES R7886 Amplifikat\u00f6r\u00a0 ile birlikte kullan\u0131l\u0131rlar.<\/p>\n<ul>\n<li>Hassasiyet ayarl\u0131 UV Alev Dedekt\u00f6r\u00fcn\u00fcn gerekli oldu\u011fu yerlerde kullan\u0131l\u0131r.<\/li>\n<li>Alevdeki UV \u0131\u015f\u0131nlar\u0131 hisseder.<\/li>\n<li>\u00c7ift hassasiyet ayar\u0131 mevcuttur.<\/li>\n<\/ul>\n<p><strong>\u00a0<\/strong><\/p>","protected":false},"excerpt":{"rendered":"<p>Hassasiyeti ayarlanabilir UV Alev Dedekt\u00f6r\u00fc Solid state Dinamik Self-check\u2019li Alev dedekt\u00f6rleri, BC7000, R4140 veya FSP5075, R7476 Amplifikat\u00f6r ve 7800 SERIES R7886 Amplifikat\u00f6r\u00a0 ile birlikte kullan\u0131l\u0131rlar. Hassasiyet ayarl\u0131 UV Alev Dedekt\u00f6r\u00fcn\u00fcn gerekli oldu\u011fu yerlerde kullan\u0131l\u0131r. Alevdeki UV \u0131\u015f\u0131nlar\u0131 hisseder. \u00c7ift hassasiyet ayar\u0131 mevcuttur. \u00a0<\/p>","protected":false},"featured_media":979,"template":"","meta":{"inline_featured_image":false},"product_cat":[72,57],"product_tag":[],"class_list":{"0":"post-1331","1":"product","2":"type-product","3":"status-publish","4":"has-post-thumbnail","6":"product_cat-endustriyel-urunler","7":"product_cat-honeywell","9":"first","10":"instock","11":"shipping-taxable","12":"product-type-simple"},"_links":{"self":[{"href":"https:\/\/mechanicalandwelding.com\/en\/wp-json\/wp\/v2\/product\/1331","targetHints":{"allow":["GET"]}}],"collection":[{"href":"https:\/\/mechanicalandwelding.com\/en\/wp-json\/wp\/v2\/product"}],"about":[{"href":"https:\/\/mechanicalandwelding.com\/en\/wp-json\/wp\/v2\/types\/product"}],"wp:featuredmedia":[{"embeddable":true,"href":"https:\/\/mechanicalandwelding.com\/en\/wp-json\/wp\/v2\/media\/979"}],"wp:attachment":[{"href":"https:\/\/mechanicalandwelding.com\/en\/wp-json\/wp\/v2\/media?parent=1331"}],"wp:term":[{"taxonomy":"product_cat","embeddable":true,"href":"https:\/\/mechanicalandwelding.com\/en\/wp-json\/wp\/v2\/product_cat?post=1331"},{"taxonomy":"product_tag","embeddable":true,"href":"https:\/\/mechanicalandwelding.com\/en\/wp-json\/wp\/v2\/product_tag?post=1331"}],"curies":[{"name":"wp","href":"https:\/\/api.w.org\/{rel}","templated":true}]}}