{"id":1332,"date":"2024-08-08T13:23:48","date_gmt":"2024-08-08T10:23:48","guid":{"rendered":"https:\/\/mechanicalandwelding.com\/?post_type=product&#038;p=1332"},"modified":"2024-08-08T13:24:30","modified_gmt":"2024-08-08T10:24:30","slug":"smile-kontrol-panelleri","status":"publish","type":"product","link":"https:\/\/mechanicalandwelding.com\/en\/product\/smile-kontrol-panelleri\/","title":{"rendered":"SMILE KONTROL PANELLER\u0130"},"content":{"rendered":"<p>Smile serisi, farkl\u0131 modellerde kontrol panellerinden<br \/>\nolu\u015fur. Paneller r\u00f6le say\u0131s\u0131 ve uygulamalara g\u00f6re de\u011fi\u015fiklik g\u00f6sterir. Ayn\u0131 zamanda Smile panelleri, bir haberle\u015fme a\u011f\u0131 (bus) i\u00e7inde kullanmak m\u00fcmk\u00fcnd\u00fcr. B\u00f6ylece kontrol edilebilecek sistem geni\u015fletilebilir. Paneller duvara monte edildi\u011fi i\u00e7in, ayr\u0131 bir anahtarlama kutusuna gerek kalmaz.<\/p>\n<p>Smile serisi ile, Honeywell k\u00fc\u00e7\u00fck ve orta-\u00e7apl\u0131 uygulamalar i\u00e7in standart \u00e7\u00f6z\u00fcmler \u00f6nermektedir. Evrensel tasar\u0131m, tutarl\u0131 men\u00fc yap\u0131s\u0131 ve kolay kullan\u0131m \u00f6zellikleri sayesinde t\u00fcm Smile paneller kolayl\u0131kla devreye al\u0131nabilir.<\/p>\n<ul>\n<li>Haftan\u0131n her g\u00fcn\u00fc 6 farkl\u0131 \u00e7al\u0131\u015fma zaman\u0131 ayarlanabilir. 1-3-5 konfor, 2-4-6 ekonomi \u00e7al\u0131\u015fma s\u0131cakl\u0131klar\u0131na kar\u015f\u0131l\u0131k gelir.<\/li>\n<li>De\u011fi\u015fken \u00e7\u0131k\u0131\u015flar\u0131 sayesinde kullan\u0131m esnekli\u011fi (de\u011fi\u015fken \u00e7\u0131k\u0131\u015fl\u0131 panellerde)<\/li>\n<li>Binan\u0131n istenilen saatte \u0131s\u0131nmas\u0131na sa\u011flayan optimum-start \u00f6zelli\u011fi<\/li>\n<li>Manuel ya da adaptif \u0131s\u0131tma e\u011frisi<\/li>\n<li>Is\u0131tma ve kullan\u0131m suyu devresi ihtiyac\u0131na g\u00f6re kazan suyu s\u0131cakl\u0131\u011f\u0131n\u0131n d\u00fc\u015f\u00fcr\u00fclmesi<\/li>\n<li>Yaz s\u00fcresince, \u0131s\u0131tma sirk\u00fclasyon pompalar\u0131 ve 3-yollu vanan\u0131n egzersizi ile<\/li>\n<li>Kire\u00e7lenmeden olunacak ar\u0131zalar\u0131n \u00f6nlenmesi<\/li>\n<li>Minimum ve maksimum kazan s\u0131cakl\u0131\u011f\u0131 ayar\u0131 ile kazan\u0131n korunmas\u0131<\/li>\n<li>Donma korumas\u0131<\/li>\n<li>Haberle\u015fme a\u011f\u0131 i\u00e7inde di\u011fer Smile \u00fcnitelerle birlikte kullan\u0131labilme \u00f6zelli\u011fi<\/li>\n<li>Her \u0131s\u0131tma ve kullan\u0131m suyu devresi i\u00e7in farkl\u0131 zaman ve s\u0131cakl\u0131k ayar\u0131<\/li>\n<li>Otomatik yaz\/k\u0131\u015f ge\u00e7ici<\/li>\n<li>Oda \u00fcniteleri vas\u0131tas\u0131yla zaman program\u0131 ve s\u0131cakl\u0131k ayar\u0131<\/li>\n<li>Bilgisayar ve modem ba\u011flant\u0131s\u0131<\/li>\n<li>Hata men\u00fcs\u00fc ile sistemin herhangi bir yerinde olu\u015fan hatan\u0131n g\u00f6r\u00fclebilmesi<\/li>\n<\/ul>","protected":false},"excerpt":{"rendered":"<p>Smile serisi, farkl\u0131 modellerde kontrol panellerinden olu\u015fur. Paneller r\u00f6le say\u0131s\u0131 ve uygulamalara g\u00f6re de\u011fi\u015fiklik g\u00f6sterir. Ayn\u0131 zamanda Smile panelleri, bir haberle\u015fme a\u011f\u0131 (bus) i\u00e7inde kullanmak m\u00fcmk\u00fcnd\u00fcr. B\u00f6ylece kontrol edilebilecek sistem geni\u015fletilebilir. Paneller duvara monte edildi\u011fi i\u00e7in, ayr\u0131 bir anahtarlama kutusuna gerek kalmaz. Smile serisi ile, Honeywell k\u00fc\u00e7\u00fck ve orta-\u00e7apl\u0131 uygulamalar i\u00e7in standart \u00e7\u00f6z\u00fcmler \u00f6nermektedir. Evrensel [&hellip;]<\/p>","protected":false},"featured_media":989,"template":"","meta":{"inline_featured_image":false},"product_cat":[57,71],"product_tag":[],"class_list":{"0":"post-1332","1":"product","2":"type-product","3":"status-publish","4":"has-post-thumbnail","6":"product_cat-honeywell","7":"product_cat-konfor-kontrol-urunleri","9":"first","10":"instock","11":"shipping-taxable","12":"product-type-simple"},"_links":{"self":[{"href":"https:\/\/mechanicalandwelding.com\/en\/wp-json\/wp\/v2\/product\/1332","targetHints":{"allow":["GET"]}}],"collection":[{"href":"https:\/\/mechanicalandwelding.com\/en\/wp-json\/wp\/v2\/product"}],"about":[{"href":"https:\/\/mechanicalandwelding.com\/en\/wp-json\/wp\/v2\/types\/product"}],"wp:featuredmedia":[{"embeddable":true,"href":"https:\/\/mechanicalandwelding.com\/en\/wp-json\/wp\/v2\/media\/989"}],"wp:attachment":[{"href":"https:\/\/mechanicalandwelding.com\/en\/wp-json\/wp\/v2\/media?parent=1332"}],"wp:term":[{"taxonomy":"product_cat","embeddable":true,"href":"https:\/\/mechanicalandwelding.com\/en\/wp-json\/wp\/v2\/product_cat?post=1332"},{"taxonomy":"product_tag","embeddable":true,"href":"https:\/\/mechanicalandwelding.com\/en\/wp-json\/wp\/v2\/product_tag?post=1332"}],"curies":[{"name":"wp","href":"https:\/\/api.w.org\/{rel}","templated":true}]}}