{"id":1334,"date":"2024-08-08T13:27:49","date_gmt":"2024-08-08T10:27:49","guid":{"rendered":"https:\/\/mechanicalandwelding.com\/?post_type=product&#038;p=1334"},"modified":"2024-08-08T13:27:49","modified_gmt":"2024-08-08T10:27:49","slug":"ax5000-kontrol-panelleri","status":"publish","type":"product","link":"https:\/\/mechanicalandwelding.com\/en\/product\/ax5000-kontrol-panelleri\/","title":{"rendered":"AX5000 KONTROL PANELLER\u0130"},"content":{"rendered":"<p>Honeywell AX5000 serisi, farkl\u0131 modellerde kontrol panellerinden olu\u015fur. Baz\u0131 AX5000 panelleri tek ba\u015f\u0131na ya da bir haberle\u015fme a\u011f\u0131 i\u00e7inde ba\u015fka panellerle kullan\u0131labilirler. Bu haberle\u015fme a\u011f\u0131 (XIB bus) sayesinde panelleri eksiksiz bir kontrol sistemine entegre etmek m\u00fcmk\u00fcnd\u00fcr. AX5000 Panelleri duvara da monte edilebildi\u011fi i\u00e7in, \u00e7o\u011fu durumda ayr\u0131 bir anahtarlama tesisine gerek kalmaz.<\/p>\n<p>AX5100HG ve AX5200SQ modelleri kullan\u0131c\u0131 aray\u00fcz\u00fcne ve RS232 ba\u011flant\u0131 noktas\u0131na sahiptir.<\/p>\n<p>Kullan\u0131c\u0131 aray\u00fcz\u00fcnde bir ekran ve 4 adet kontrol tu\u015fu\u00a0 bulunmaktad\u0131r.AX5112DH ve AX5112ZN panellerinde ise b\u00f6yle bir aray\u00fcz olmad\u0131\u011f\u0131 i\u00e7in tek ba\u015f\u0131na bir sistemde kullan\u0131lamazlar. Fakat, AX5112DH ve AX5112ZN panelleri aray\u00fcze sahip panellere (AX5100HG, AX5200SQ) ba\u011flanabilir (XIB bus). AX5000 serisi ile, Honeywell k\u00fc\u00e7\u00fck ve orta \u00e7apl\u0131 uygulamalar i\u00e7in standart \u00e7\u00f6z\u00fcmler \u00f6nermektedir. Evrensel tasar\u0131m, tutarl\u0131 men\u00fc yap\u0131s\u0131 ve kolay kullan\u0131m \u00f6zellikleri sayesinde t\u00fcm AX5000 paneller kolayl\u0131kla devreye al\u0131nabilir.<\/p>\n<ul>\n<li>XIB bus sayesinde di\u011fer panellerle birlikte kullan\u0131labilirler.<\/li>\n<li>Bir\u00e7ok sisteme \u00e7\u00f6z\u00fcm sa\u011flayan esnek se\u00e7enekler.<\/li>\n<li>Haftan\u0131n her g\u00fcn\u00fc 4 farkl\u0131 \u00e7al\u0131\u015fma zaman\u0131 ayarlanabilir. 1-3 konfor, 2-4 ekonomi \u00e7al\u0131\u015fma s\u0131cakl\u0131klar\u0131na kar\u015f\u0131l\u0131k gelir.<\/li>\n<li>D\u00f6rt de\u011fi\u015fik \u00e7al\u0131\u015fma modu (sabah, ak\u015fam, tatil, kapal\u0131).<\/li>\n<li>Dilenen saatte \u0131s\u0131nma sa\u011flayacak \u015fekilde programlama \u00f6zelli\u011fi.<\/li>\n<li>Hata men\u00fcs\u00fc ile sistemin herhangi bir yerinde olu\u015fan hatan\u0131n g\u00f6r\u00fclebilmesi.<\/li>\n<li>Donma korumas\u0131.<\/li>\n<li>Pompa ve vana blokaj korumas\u0131.<\/li>\n<\/ul>","protected":false},"excerpt":{"rendered":"<p>Honeywell AX5000 serisi, farkl\u0131 modellerde kontrol panellerinden olu\u015fur. Baz\u0131 AX5000 panelleri tek ba\u015f\u0131na ya da bir haberle\u015fme a\u011f\u0131 i\u00e7inde ba\u015fka panellerle kullan\u0131labilirler. Bu haberle\u015fme a\u011f\u0131 (XIB bus) sayesinde panelleri eksiksiz bir kontrol sistemine entegre etmek m\u00fcmk\u00fcnd\u00fcr. AX5000 Panelleri duvara da monte edilebildi\u011fi i\u00e7in, \u00e7o\u011fu durumda ayr\u0131 bir anahtarlama tesisine gerek kalmaz. AX5100HG ve AX5200SQ modelleri [&hellip;]<\/p>","protected":false},"featured_media":0,"template":"","meta":{"inline_featured_image":false},"product_cat":[57,71],"product_tag":[],"class_list":{"0":"post-1334","1":"product","2":"type-product","3":"status-publish","5":"product_cat-honeywell","6":"product_cat-konfor-kontrol-urunleri","8":"first","9":"instock","10":"shipping-taxable","11":"product-type-simple"},"_links":{"self":[{"href":"https:\/\/mechanicalandwelding.com\/en\/wp-json\/wp\/v2\/product\/1334","targetHints":{"allow":["GET"]}}],"collection":[{"href":"https:\/\/mechanicalandwelding.com\/en\/wp-json\/wp\/v2\/product"}],"about":[{"href":"https:\/\/mechanicalandwelding.com\/en\/wp-json\/wp\/v2\/types\/product"}],"wp:attachment":[{"href":"https:\/\/mechanicalandwelding.com\/en\/wp-json\/wp\/v2\/media?parent=1334"}],"wp:term":[{"taxonomy":"product_cat","embeddable":true,"href":"https:\/\/mechanicalandwelding.com\/en\/wp-json\/wp\/v2\/product_cat?post=1334"},{"taxonomy":"product_tag","embeddable":true,"href":"https:\/\/mechanicalandwelding.com\/en\/wp-json\/wp\/v2\/product_tag?post=1334"}],"curies":[{"name":"wp","href":"https:\/\/api.w.org\/{rel}","templated":true}]}}