{"id":1335,"date":"2024-08-08T13:33:11","date_gmt":"2024-08-08T10:33:11","guid":{"rendered":"https:\/\/mechanicalandwelding.com\/?post_type=product&#038;p=1335"},"modified":"2024-08-08T13:34:19","modified_gmt":"2024-08-08T10:34:19","slug":"aq2000-dis-hava-kompanzasyon-paneli","status":"publish","type":"product","link":"https:\/\/mechanicalandwelding.com\/en\/product\/aq2000-dis-hava-kompanzasyon-paneli\/","title":{"rendered":"AQ2000 DI\u015e HAVA KOMPANZASYON PANEL\u0130"},"content":{"rendered":"<p>Aquatrol 2000 D\u0131\u015f hava kompanzasyon paneli, \u0131s\u0131tma<br \/>\nsistemlerinde tek zon kontrol\u00fc i\u00e7in kullan\u0131lan merkezi<br \/>\nkontrol cihaz\u0131d\u0131r.<\/p>\n<p>Panelin; sirk\u00fclasyon pompas\u0131 kumandas\u0131, boyler pompas\u0131 kumandas\u0131, \u00fc\u00e7 veya d\u00f6rt yollu vana kumandas\u0131, 2- kademeli br\u00fcl\u00f6r veya s\u0131ral\u0131 iki kazan kumandas\u0131, boyler kazan\u0131n\u0131 ayr\u0131 \u00e7al\u0131\u015ft\u0131rabilme, merkezi \u0131s\u0131tma ve boyler devrelerini farkl\u0131 programlayabilme \u00f6zellikleri bulunmaktad\u0131r.<\/p>\n<p>Panelin otomatik e\u011fri se\u00e7imi \u00f6zelli\u011fi mevcuttur ( adaptif \u0131s\u0131tma e\u011frisi ).<\/p>\n<ul>\n<li>Kolay kullan\u0131m sa\u011flayan dijital kontrol teknolojisi .<\/li>\n<li>Is\u0131tma sistemlerinde d\u0131\u015f hava kompanzasyonu.<\/li>\n<li>\u00c7e\u015fitli sistem uygulamalar\u0131.<\/li>\n<li>Ba\u011fl\u0131 bulunan s\u0131cakl\u0131k hissedicisine g\u00f6re otomatik<\/li>\n<li>olarak sistemi tan\u0131ma.<\/li>\n<li>Sabit ya da adaptif \u0131s\u0131tma e\u011frisi.<\/li>\n<li>Optimum start\/ stop zaman\u0131.<\/li>\n<li>Oda s\u0131cakl\u0131\u011f\u0131 kompanzasyonu.<\/li>\n<li>Cihaz \u00fczerinde her g\u00fcn i\u00e7in, 6(alt\u0131) \u00e7al\u0131\u015fma zaman\u0131 ayarlanabilir. 1-3-5 Komfor, 2-4-6 Ekonomi \u00e7al\u0131\u015fma s\u0131cakl\u0131klar\u0131na kar\u015f\u0131l\u0131k gelir.<\/li>\n<li>Otomatik yaz\/k\u0131\u015f ge\u00e7ici ( Kullan\u0131c\u0131 ayarlayabilir )<\/li>\n<li>D\u00fc\u015f\u00fck y\u00fck alt\u0131nda \u0131s\u0131tman\u0131n kendili\u011finden kapanmas\u0131.<\/li>\n<li>Borularda olu\u015fabilecek sesi \u00f6nlemek i\u00e7in kademeli kalk\u0131\u015f.<\/li>\n<li>Bak\u0131m ve devreye alma i\u00e7in servis anahtar\u0131.<\/li>\n<li>Ak\u0131ll\u0131 pompa kontrol\u00fc ile enerji tasarrufu.<\/li>\n<li>Elle kumanda anahtar\u0131.<\/li>\n<li>Sistem s\u0131cakl\u0131k ve parametre bilgileri.<\/li>\n<li>Opsiyonel uzaktan kumanda \u00fcnitesi.<\/li>\n<li>Bu \u00fcnite ayn\u0131 zamanda oda hissedicisi de i\u00e7ermektedir. Oda s\u0131cakl\u0131\u011f\u0131, \u00fcnite \u00fczerinden ayarlan\u0131r.<\/li>\n<li>Opsiyonel oda sens\u00f6r\u00fc. Uzaktan kumanda ile birlikte kullan\u0131ld\u0131\u011f\u0131nda, oda s\u0131cakl\u0131\u011f\u0131, oda hissedicisi taraf\u0131ndan alg\u0131lan\u0131r.<\/li>\n<li>1\u2019den 99 G\u00fcne kadar ayarlanabilen tatil program\u0131.<\/li>\n<li>Tatil program\u0131n\u0131n \u00f6ng\u00f6r\u00fclen s\u00fcresi tamamland\u0131ktan sonra, kontrol cihaz\u0131 \u201cotomatik \u00e7al\u0131\u015fma\u201d moduna geri d\u00f6ner.<\/li>\n<\/ul>","protected":false},"excerpt":{"rendered":"<p>Aquatrol 2000 D\u0131\u015f hava kompanzasyon paneli, \u0131s\u0131tma sistemlerinde tek zon kontrol\u00fc i\u00e7in kullan\u0131lan merkezi kontrol cihaz\u0131d\u0131r. Panelin; sirk\u00fclasyon pompas\u0131 kumandas\u0131, boyler pompas\u0131 kumandas\u0131, \u00fc\u00e7 veya d\u00f6rt yollu vana kumandas\u0131, 2- kademeli br\u00fcl\u00f6r veya s\u0131ral\u0131 iki kazan kumandas\u0131, boyler kazan\u0131n\u0131 ayr\u0131 \u00e7al\u0131\u015ft\u0131rabilme, merkezi \u0131s\u0131tma ve boyler devrelerini farkl\u0131 programlayabilme \u00f6zellikleri bulunmaktad\u0131r. Panelin otomatik e\u011fri se\u00e7imi \u00f6zelli\u011fi [&hellip;]<\/p>","protected":false},"featured_media":978,"template":"","meta":{"inline_featured_image":false},"product_cat":[72,57],"product_tag":[],"class_list":{"0":"post-1335","1":"product","2":"type-product","3":"status-publish","4":"has-post-thumbnail","6":"product_cat-endustriyel-urunler","7":"product_cat-honeywell","9":"first","10":"instock","11":"shipping-taxable","12":"product-type-simple"},"_links":{"self":[{"href":"https:\/\/mechanicalandwelding.com\/en\/wp-json\/wp\/v2\/product\/1335","targetHints":{"allow":["GET"]}}],"collection":[{"href":"https:\/\/mechanicalandwelding.com\/en\/wp-json\/wp\/v2\/product"}],"about":[{"href":"https:\/\/mechanicalandwelding.com\/en\/wp-json\/wp\/v2\/types\/product"}],"wp:featuredmedia":[{"embeddable":true,"href":"https:\/\/mechanicalandwelding.com\/en\/wp-json\/wp\/v2\/media\/978"}],"wp:attachment":[{"href":"https:\/\/mechanicalandwelding.com\/en\/wp-json\/wp\/v2\/media?parent=1335"}],"wp:term":[{"taxonomy":"product_cat","embeddable":true,"href":"https:\/\/mechanicalandwelding.com\/en\/wp-json\/wp\/v2\/product_cat?post=1335"},{"taxonomy":"product_tag","embeddable":true,"href":"https:\/\/mechanicalandwelding.com\/en\/wp-json\/wp\/v2\/product_tag?post=1335"}],"curies":[{"name":"wp","href":"https:\/\/api.w.org\/{rel}","templated":true}]}}