{"id":1340,"date":"2024-08-08T13:49:08","date_gmt":"2024-08-08T10:49:08","guid":{"rendered":"https:\/\/mechanicalandwelding.com\/?post_type=product&#038;p=1340"},"modified":"2024-08-08T13:49:09","modified_gmt":"2024-08-08T10:49:09","slug":"m6420ab-m6425ab-serisi-lineer-vana-motoru","status":"publish","type":"product","link":"https:\/\/mechanicalandwelding.com\/en\/product\/m6420ab-m6425ab-serisi-lineer-vana-motoru\/","title":{"rendered":"M6420A,B-M6425A,B SER\u0130S\u0130 LINEER VANA MOTORU"},"content":{"rendered":"<ul>\n<li>M6420A, B ve M6425A,B Serisi Lineer Vana Motoru 600N Y\u00fczer Kontrol<\/li>\n<li>V5011, V5013, V5049, V5050, V5095, V5328, V5329 serisi lineer vanalar i\u00e7in y\u00fczer kontrol elektrik motoru.<strong>\n<p><\/strong><\/li>\n<\/ul>","protected":false},"excerpt":{"rendered":"<p>M6420A, B ve M6425A,B Serisi Lineer Vana Motoru 600N Y\u00fczer Kontrol V5011, V5013, V5049, V5050, V5095, V5328, V5329 serisi lineer vanalar i\u00e7in y\u00fczer kontrol elektrik motoru.<\/p>","protected":false},"featured_media":1226,"template":"","meta":{"inline_featured_image":false},"product_cat":[73,57],"product_tag":[],"class_list":{"0":"post-1340","1":"product","2":"type-product","3":"status-publish","4":"has-post-thumbnail","6":"product_cat-endustriyel-tip-vana-motor","7":"product_cat-honeywell","9":"first","10":"instock","11":"shipping-taxable","12":"product-type-simple"},"_links":{"self":[{"href":"https:\/\/mechanicalandwelding.com\/en\/wp-json\/wp\/v2\/product\/1340","targetHints":{"allow":["GET"]}}],"collection":[{"href":"https:\/\/mechanicalandwelding.com\/en\/wp-json\/wp\/v2\/product"}],"about":[{"href":"https:\/\/mechanicalandwelding.com\/en\/wp-json\/wp\/v2\/types\/product"}],"wp:featuredmedia":[{"embeddable":true,"href":"https:\/\/mechanicalandwelding.com\/en\/wp-json\/wp\/v2\/media\/1226"}],"wp:attachment":[{"href":"https:\/\/mechanicalandwelding.com\/en\/wp-json\/wp\/v2\/media?parent=1340"}],"wp:term":[{"taxonomy":"product_cat","embeddable":true,"href":"https:\/\/mechanicalandwelding.com\/en\/wp-json\/wp\/v2\/product_cat?post=1340"},{"taxonomy":"product_tag","embeddable":true,"href":"https:\/\/mechanicalandwelding.com\/en\/wp-json\/wp\/v2\/product_tag?post=1340"}],"curies":[{"name":"wp","href":"https:\/\/api.w.org\/{rel}","templated":true}]}}