{"id":1341,"date":"2024-08-08T13:51:52","date_gmt":"2024-08-08T10:51:52","guid":{"rendered":"https:\/\/mechanicalandwelding.com\/?post_type=product&#038;p=1341"},"modified":"2024-08-08T13:51:53","modified_gmt":"2024-08-08T10:51:53","slug":"m6421ab-serisi-lineer-vana-motoru","status":"publish","type":"product","link":"https:\/\/mechanicalandwelding.com\/en\/product\/m6421ab-serisi-lineer-vana-motoru\/","title":{"rendered":"M6421A,B SER\u0130S\u0130 LINEER VANA MOTORU"},"content":{"rendered":"<ul>\n<li>M6421A,B Serisi Lineer Vana Motoru 1800N Y\u00fczer Kontrol<\/li>\n<li>V5011, V5013, V5015, V5049, V5050, V5095, V5328, V5329 serisi lineer vanalar i\u00e7in y\u00fczer kontrol elektrik motoru.<\/li>\n<\/ul>","protected":false},"excerpt":{"rendered":"<p>M6421A,B Serisi Lineer Vana Motoru 1800N Y\u00fczer Kontrol V5011, V5013, V5015, V5049, V5050, V5095, V5328, V5329 serisi lineer vanalar i\u00e7in y\u00fczer kontrol elektrik motoru.<\/p>","protected":false},"featured_media":1224,"template":"","meta":{"inline_featured_image":false},"product_cat":[73,57],"product_tag":[],"class_list":{"0":"post-1341","1":"product","2":"type-product","3":"status-publish","4":"has-post-thumbnail","6":"product_cat-endustriyel-tip-vana-motor","7":"product_cat-honeywell","9":"first","10":"instock","11":"shipping-taxable","12":"product-type-simple"},"_links":{"self":[{"href":"https:\/\/mechanicalandwelding.com\/en\/wp-json\/wp\/v2\/product\/1341","targetHints":{"allow":["GET"]}}],"collection":[{"href":"https:\/\/mechanicalandwelding.com\/en\/wp-json\/wp\/v2\/product"}],"about":[{"href":"https:\/\/mechanicalandwelding.com\/en\/wp-json\/wp\/v2\/types\/product"}],"wp:featuredmedia":[{"embeddable":true,"href":"https:\/\/mechanicalandwelding.com\/en\/wp-json\/wp\/v2\/media\/1224"}],"wp:attachment":[{"href":"https:\/\/mechanicalandwelding.com\/en\/wp-json\/wp\/v2\/media?parent=1341"}],"wp:term":[{"taxonomy":"product_cat","embeddable":true,"href":"https:\/\/mechanicalandwelding.com\/en\/wp-json\/wp\/v2\/product_cat?post=1341"},{"taxonomy":"product_tag","embeddable":true,"href":"https:\/\/mechanicalandwelding.com\/en\/wp-json\/wp\/v2\/product_tag?post=1341"}],"curies":[{"name":"wp","href":"https:\/\/api.w.org\/{rel}","templated":true}]}}