{"id":1344,"date":"2024-08-08T15:42:57","date_gmt":"2024-08-08T12:42:57","guid":{"rendered":"https:\/\/mechanicalandwelding.com\/?post_type=product&#038;p=1344"},"modified":"2024-08-08T15:42:58","modified_gmt":"2024-08-08T12:42:58","slug":"v5011r-serisi-iki-yollu-lineer-vana","status":"publish","type":"product","link":"https:\/\/mechanicalandwelding.com\/en\/product\/v5011r-serisi-iki-yollu-lineer-vana\/","title":{"rendered":"V5011R SER\u0130S\u0130 \u0130K\u0130 YOLLU LINEER VANA"},"content":{"rendered":"<ul>\n<li>V5011R \u0130ki yollu Kontrol Vanas\u0131 PN16, DN15-50 Di\u015fli Ba\u011flant\u0131l\u0131<\/li>\n<li>Is\u0131tma , so\u011futma ve havaland\u0131rma i\u00e7in ;S\u0131cak\/so\u011fuk Su VDI2035 kalite.<br \/>\n<strong><br \/>\n<\/strong><\/li>\n<\/ul>","protected":false},"excerpt":{"rendered":"<p>V5011R \u0130ki yollu Kontrol Vanas\u0131 PN16, DN15-50 Di\u015fli Ba\u011flant\u0131l\u0131 Is\u0131tma , so\u011futma ve havaland\u0131rma i\u00e7in ;S\u0131cak\/so\u011fuk Su VDI2035 kalite.<\/p>","protected":false},"featured_media":1175,"template":"","meta":{"inline_featured_image":false},"product_cat":[73,57],"product_tag":[],"class_list":{"0":"post-1344","1":"product","2":"type-product","3":"status-publish","4":"has-post-thumbnail","6":"product_cat-endustriyel-tip-vana-motor","7":"product_cat-honeywell","9":"first","10":"instock","11":"shipping-taxable","12":"product-type-simple"},"_links":{"self":[{"href":"https:\/\/mechanicalandwelding.com\/en\/wp-json\/wp\/v2\/product\/1344","targetHints":{"allow":["GET"]}}],"collection":[{"href":"https:\/\/mechanicalandwelding.com\/en\/wp-json\/wp\/v2\/product"}],"about":[{"href":"https:\/\/mechanicalandwelding.com\/en\/wp-json\/wp\/v2\/types\/product"}],"wp:featuredmedia":[{"embeddable":true,"href":"https:\/\/mechanicalandwelding.com\/en\/wp-json\/wp\/v2\/media\/1175"}],"wp:attachment":[{"href":"https:\/\/mechanicalandwelding.com\/en\/wp-json\/wp\/v2\/media?parent=1344"}],"wp:term":[{"taxonomy":"product_cat","embeddable":true,"href":"https:\/\/mechanicalandwelding.com\/en\/wp-json\/wp\/v2\/product_cat?post=1344"},{"taxonomy":"product_tag","embeddable":true,"href":"https:\/\/mechanicalandwelding.com\/en\/wp-json\/wp\/v2\/product_tag?post=1344"}],"curies":[{"name":"wp","href":"https:\/\/api.w.org\/{rel}","templated":true}]}}