{"id":1345,"date":"2024-08-08T17:17:03","date_gmt":"2024-08-08T14:17:03","guid":{"rendered":"https:\/\/mechanicalandwelding.com\/?post_type=product&#038;p=1345"},"modified":"2024-08-08T17:17:04","modified_gmt":"2024-08-08T14:17:04","slug":"v5328a-serisi-iki-yollu-lineer-vana","status":"publish","type":"product","link":"https:\/\/mechanicalandwelding.com\/en\/product\/v5328a-serisi-iki-yollu-lineer-vana\/","title":{"rendered":"V5328A SER\u0130S\u0130 \u0130K\u0130 YOLLU LINEER VANA"},"content":{"rendered":"<ul>\n<li>Bu tek oturmal\u0131 vanalar, \u0131s\u0131tma, havaland\u0131rma ve iklimlendirme sistemlerinde, s\u0131cak veya so\u011fuk su veya buhar\u0131n oransal kontrolu i\u00e7in kullan\u0131l\u0131r.<\/li>\n<li>\u015eu do\u011frusal motorlar ile kullan\u0131labilirler ; elektrikli motor ML6420\/ML6425, ML7420\/ML7425 veya M6421\/M7421 veya pn\u00f6matik motor MP953.<br \/>\n<strong><br \/>\n<\/strong><\/li>\n<li>Flan\u015f ba\u011flant\u0131l\u0131 demir g\u00f6vde<\/li>\n<li>D\u00fc\u015f\u00fck ka\u00e7\u0131rma oran\u0131<\/li>\n<li>Uzun \u00f6m\u00fcr i\u00e7in yatak, mill temas\u0131 metal<\/li>\n<li>Kendinden ayarlanan conta<\/li>\n<li>M\u00fckemmel \u0131s\u0131 kontrolu i\u00e7in hassas ayar<\/li>\n<li>Elektrikli ve pn\u00f6matik motorlar\u0131n kolay montaj\u0131<\/li>\n<li>DIN 32730 standartlar\u0131na uyumlu<\/li>\n<\/ul>","protected":false},"excerpt":{"rendered":"<p>Bu tek oturmal\u0131 vanalar, \u0131s\u0131tma, havaland\u0131rma ve iklimlendirme sistemlerinde, s\u0131cak veya so\u011fuk su veya buhar\u0131n oransal kontrolu i\u00e7in kullan\u0131l\u0131r. \u015eu do\u011frusal motorlar ile kullan\u0131labilirler ; elektrikli motor ML6420\/ML6425, ML7420\/ML7425 veya M6421\/M7421 veya pn\u00f6matik motor MP953. Flan\u015f ba\u011flant\u0131l\u0131 demir g\u00f6vde D\u00fc\u015f\u00fck ka\u00e7\u0131rma oran\u0131 Uzun \u00f6m\u00fcr i\u00e7in yatak, mill temas\u0131 metal Kendinden ayarlanan conta M\u00fckemmel \u0131s\u0131 kontrolu [&hellip;]<\/p>","protected":false},"featured_media":1176,"template":"","meta":{"inline_featured_image":false},"product_cat":[73,57],"product_tag":[],"class_list":{"0":"post-1345","1":"product","2":"type-product","3":"status-publish","4":"has-post-thumbnail","6":"product_cat-endustriyel-tip-vana-motor","7":"product_cat-honeywell","9":"first","10":"instock","11":"shipping-taxable","12":"product-type-simple"},"_links":{"self":[{"href":"https:\/\/mechanicalandwelding.com\/en\/wp-json\/wp\/v2\/product\/1345","targetHints":{"allow":["GET"]}}],"collection":[{"href":"https:\/\/mechanicalandwelding.com\/en\/wp-json\/wp\/v2\/product"}],"about":[{"href":"https:\/\/mechanicalandwelding.com\/en\/wp-json\/wp\/v2\/types\/product"}],"wp:featuredmedia":[{"embeddable":true,"href":"https:\/\/mechanicalandwelding.com\/en\/wp-json\/wp\/v2\/media\/1176"}],"wp:attachment":[{"href":"https:\/\/mechanicalandwelding.com\/en\/wp-json\/wp\/v2\/media?parent=1345"}],"wp:term":[{"taxonomy":"product_cat","embeddable":true,"href":"https:\/\/mechanicalandwelding.com\/en\/wp-json\/wp\/v2\/product_cat?post=1345"},{"taxonomy":"product_tag","embeddable":true,"href":"https:\/\/mechanicalandwelding.com\/en\/wp-json\/wp\/v2\/product_tag?post=1345"}],"curies":[{"name":"wp","href":"https:\/\/api.w.org\/{rel}","templated":true}]}}