{"id":1356,"date":"2024-08-09T16:14:15","date_gmt":"2024-08-09T13:14:15","guid":{"rendered":"https:\/\/mechanicalandwelding.com\/?post_type=product&#038;p=1356"},"modified":"2024-08-12T15:36:23","modified_gmt":"2024-08-12T12:36:23","slug":"analog-radiation-measurement-unit","status":"publish","type":"product","link":"https:\/\/mechanicalandwelding.com\/en\/product\/analog-radiation-measurement-unit\/","title":{"rendered":"ANALOG RADYASYON \u00d6L\u00c7\u00dcM C\u0130HAZI"},"content":{"rendered":"","protected":false},"excerpt":{"rendered":"","protected":false},"featured_media":1380,"template":"","meta":{"inline_featured_image":false},"product_cat":[60],"product_tag":[],"class_list":{"0":"post-1356","1":"product","2":"type-product","3":"status-publish","4":"has-post-thumbnail","6":"product_cat-kbrn","8":"first","9":"instock","10":"shipping-taxable","11":"product-type-simple"},"_links":{"self":[{"href":"https:\/\/mechanicalandwelding.com\/en\/wp-json\/wp\/v2\/product\/1356","targetHints":{"allow":["GET"]}}],"collection":[{"href":"https:\/\/mechanicalandwelding.com\/en\/wp-json\/wp\/v2\/product"}],"about":[{"href":"https:\/\/mechanicalandwelding.com\/en\/wp-json\/wp\/v2\/types\/product"}],"wp:featuredmedia":[{"embeddable":true,"href":"https:\/\/mechanicalandwelding.com\/en\/wp-json\/wp\/v2\/media\/1380"}],"wp:attachment":[{"href":"https:\/\/mechanicalandwelding.com\/en\/wp-json\/wp\/v2\/media?parent=1356"}],"wp:term":[{"taxonomy":"product_cat","embeddable":true,"href":"https:\/\/mechanicalandwelding.com\/en\/wp-json\/wp\/v2\/product_cat?post=1356"},{"taxonomy":"product_tag","embeddable":true,"href":"https:\/\/mechanicalandwelding.com\/en\/wp-json\/wp\/v2\/product_tag?post=1356"}],"curies":[{"name":"wp","href":"https:\/\/api.w.org\/{rel}","templated":true}]}}