{"id":1375,"date":"2024-08-09T16:20:26","date_gmt":"2024-08-09T13:20:26","guid":{"rendered":"https:\/\/mechanicalandwelding.com\/?post_type=product&#038;p=1375"},"modified":"2024-08-12T15:34:18","modified_gmt":"2024-08-12T12:34:18","slug":"fire-suppression-system-additional-products","status":"publish","type":"product","link":"https:\/\/mechanicalandwelding.com\/en\/product\/fire-suppression-system-additional-products\/","title":{"rendered":"\u0130nfilak ve Yang\u0131n S\u00f6nd\u00fcrme Sistemi Ek \u00dcr\u00fcnleri"},"content":{"rendered":"","protected":false},"excerpt":{"rendered":"","protected":false},"featured_media":1383,"template":"","meta":{"inline_featured_image":false},"product_cat":[61],"product_tag":[],"class_list":{"0":"post-1375","1":"product","2":"type-product","3":"status-publish","4":"has-post-thumbnail","6":"product_cat-yangin-sondurme-sistemleri","8":"first","9":"instock","10":"shipping-taxable","11":"product-type-simple"},"_links":{"self":[{"href":"https:\/\/mechanicalandwelding.com\/en\/wp-json\/wp\/v2\/product\/1375","targetHints":{"allow":["GET"]}}],"collection":[{"href":"https:\/\/mechanicalandwelding.com\/en\/wp-json\/wp\/v2\/product"}],"about":[{"href":"https:\/\/mechanicalandwelding.com\/en\/wp-json\/wp\/v2\/types\/product"}],"wp:featuredmedia":[{"embeddable":true,"href":"https:\/\/mechanicalandwelding.com\/en\/wp-json\/wp\/v2\/media\/1383"}],"wp:attachment":[{"href":"https:\/\/mechanicalandwelding.com\/en\/wp-json\/wp\/v2\/media?parent=1375"}],"wp:term":[{"taxonomy":"product_cat","embeddable":true,"href":"https:\/\/mechanicalandwelding.com\/en\/wp-json\/wp\/v2\/product_cat?post=1375"},{"taxonomy":"product_tag","embeddable":true,"href":"https:\/\/mechanicalandwelding.com\/en\/wp-json\/wp\/v2\/product_tag?post=1375"}],"curies":[{"name":"wp","href":"https:\/\/api.w.org\/{rel}","templated":true}]}}