{"id":1395,"date":"2025-11-07T13:38:22","date_gmt":"2025-11-07T10:38:22","guid":{"rendered":"https:\/\/mechanicalandwelding.com\/?post_type=product&#038;p=1395"},"modified":"2025-11-07T13:49:47","modified_gmt":"2025-11-07T10:49:47","slug":"wind-speed-measurement-sensor","status":"publish","type":"product","link":"https:\/\/mechanicalandwelding.com\/en\/product\/wind-speed-measurement-sensor\/","title":{"rendered":"R\u00fczg\u00e2r H\u0131z\u0131 \u00d6l\u00e7\u00fcm Sens\u00f6r\u00fc"},"content":{"rendered":"<p data-start=\"0\" data-end=\"95\">\n<p>R\u00fczg\u00e2r H\u0131z\u0131 \u00d6l\u00e7\u00fcm Sens\u00f6r\u00fc<br data-start=\"29\" data-end=\"32\" \/><em data-start=\"32\" data-end=\"95\">\u201cR\u00fczg\u00e2r H\u0131z\u0131 Sens\u00f6r\u00fc \u2014 R\u00fczgar T\u00fcrbinleri \u0130\u00e7in \u00d6nce G\u00fcvenlik.\u201d<\/em><\/p>\n<p data-start=\"97\" data-end=\"435\">R\u00fczg\u00e2r H\u0131z\u0131 \u00d6l\u00e7\u00fcm Sens\u00f6r\u00fc, r\u00fczgar t\u00fcrbinlerinin g\u00fcvenli ve verimli \u00e7al\u0131\u015fmas\u0131n\u0131 sa\u011flamak i\u00e7in geli\u015ftirilmi\u015f y\u00fcksek hassasiyetli bir \u00f6l\u00e7\u00fcm cihaz\u0131d\u0131r. Zorlu d\u0131\u015f ortam ko\u015fullar\u0131na dayan\u0131kl\u0131 yap\u0131s\u0131 sayesinde, r\u00fczg\u00e2r h\u0131z\u0131n\u0131 ve y\u00f6n\u00fcn\u00fc ger\u00e7ek zamanl\u0131 ve g\u00fcvenilir \u015fekilde \u00f6l\u00e7erek r\u00fczgar enerjisi sistemlerinde maksimum kontrol ve g\u00fcvenlik sa\u011flar.<\/p>\n<h3 data-start=\"437\" data-end=\"475\"><strong data-start=\"441\" data-end=\"475\">R\u00fczg\u00e2r H\u0131z\u0131 Teknik \u00d6zellikleri<\/strong><\/h3>\n<div class=\"_tableContainer_1rjym_1\">\n<div class=\"group _tableWrapper_1rjym_13 flex w-fit flex-col-reverse\" tabindex=\"-1\">\n<table class=\"w-fit min-w-(--thread-content-width)\" data-start=\"476\" data-end=\"630\">\n<thead data-start=\"476\" data-end=\"497\">\n<tr data-start=\"476\" data-end=\"497\">\n<th data-start=\"476\" data-end=\"488\" data-col-size=\"sm\"><span dir=\"auto\" style=\"vertical-align: inherit;\"><span dir=\"auto\" style=\"vertical-align: inherit;\">Parametreler<\/span><\/span><\/th>\n<th data-start=\"488\" data-end=\"497\" data-col-size=\"sm\">De\u011fer<\/th>\n<\/tr>\n<\/thead>\n<tbody data-start=\"521\" data-end=\"630\">\n<tr data-start=\"521\" data-end=\"555\">\n<td data-start=\"521\" data-end=\"541\" data-col-size=\"sm\"><strong data-start=\"523\" data-end=\"540\">\u00d6l\u00e7\u00fcm Aral\u0131\u011f\u0131<\/strong><\/td>\n<td data-start=\"541\" data-end=\"555\" data-col-size=\"sm\"><span dir=\"auto\" style=\"vertical-align: inherit;\"><span dir=\"auto\" style=\"vertical-align: inherit;\">0 \u2013 60 m\/s<\/span><\/span><\/td>\n<\/tr>\n<tr data-start=\"556\" data-end=\"601\">\n<td data-start=\"556\" data-end=\"573\" data-col-size=\"sm\"><strong data-start=\"558\" data-end=\"572\">Hassasiyet<\/strong><\/td>\n<td data-start=\"573\" data-end=\"601\" data-col-size=\"sm\">\u00b1 0.5 m\/s <em data-start=\"585\" data-end=\"591\">veya<\/em> \u00b1 %1 FS<\/td>\n<\/tr>\n<tr data-start=\"602\" data-end=\"630\">\n<td data-start=\"602\" data-end=\"619\" data-col-size=\"sm\"><strong data-start=\"604\" data-end=\"618\">\u00c7\u00f6z\u00fcn\u00fcrl\u00fck<\/strong><\/td>\n<td data-start=\"619\" data-end=\"630\" data-col-size=\"sm\"><span dir=\"auto\" style=\"vertical-align: inherit;\"><span dir=\"auto\" style=\"vertical-align: inherit;\">0,1 m\/sn<\/span><\/span><\/td>\n<\/tr>\n<\/tbody>\n<\/table>\n<\/div>\n<\/div>\n<h3 data-start=\"632\" data-end=\"670\"><strong data-start=\"636\" data-end=\"670\">R\u00fczg\u00e2r Y\u00f6n\u00fc Teknik \u00d6zellikleri<\/strong><\/h3>\n<div class=\"_tableContainer_1rjym_1\">\n<div class=\"group _tableWrapper_1rjym_13 flex w-fit flex-col-reverse\" tabindex=\"-1\">\n<table class=\"w-fit min-w-(--thread-content-width)\" data-start=\"671\" data-end=\"801\">\n<thead data-start=\"671\" data-end=\"692\">\n<tr data-start=\"671\" data-end=\"692\">\n<th data-start=\"671\" data-end=\"683\" data-col-size=\"sm\"><span dir=\"auto\" style=\"vertical-align: inherit;\"><span dir=\"auto\" style=\"vertical-align: inherit;\">Parametreler<\/span><\/span><\/th>\n<th data-start=\"683\" data-end=\"692\" data-col-size=\"sm\"><span dir=\"auto\" style=\"vertical-align: inherit;\"><span dir=\"auto\" style=\"vertical-align: inherit;\">De\u011fer<\/span><\/span><\/th>\n<\/tr>\n<\/thead>\n<tbody data-start=\"716\" data-end=\"801\">\n<tr data-start=\"716\" data-end=\"749\">\n<td data-start=\"716\" data-end=\"737\" data-col-size=\"sm\"><strong data-start=\"718\" data-end=\"736\">Azimut Aral\u0131\u011f\u0131<\/strong><\/td>\n<td data-start=\"737\" data-end=\"749\" data-col-size=\"sm\"><span dir=\"auto\" style=\"vertical-align: inherit;\"><span dir=\"auto\" style=\"vertical-align: inherit;\">0 \u2013 360\u00b0<\/span><\/span><\/td>\n<\/tr>\n<tr data-start=\"750\" data-end=\"775\">\n<td data-start=\"750\" data-end=\"767\" data-col-size=\"sm\"><strong data-start=\"752\" data-end=\"766\"><span dir=\"auto\" style=\"vertical-align: inherit;\"><span dir=\"auto\" style=\"vertical-align: inherit;\">Hassasiyet<\/span><\/span><\/strong><\/td>\n<td data-start=\"767\" data-end=\"775\" data-col-size=\"sm\"><span dir=\"auto\" style=\"vertical-align: inherit;\"><span dir=\"auto\" style=\"vertical-align: inherit;\">\u00b1 3\u00b0<\/span><\/span><\/td>\n<\/tr>\n<tr data-start=\"776\" data-end=\"801\">\n<td data-start=\"776\" data-end=\"793\" data-col-size=\"sm\"><strong data-start=\"778\" data-end=\"792\"><span dir=\"auto\" style=\"vertical-align: inherit;\"><span dir=\"auto\" style=\"vertical-align: inherit;\">\u00c7\u00f6z\u00fcn\u00fcrl\u00fck<\/span><\/span><\/strong><\/td>\n<td data-start=\"793\" data-end=\"801\" data-col-size=\"sm\"><span dir=\"auto\" style=\"vertical-align: inherit;\"><span dir=\"auto\" style=\"vertical-align: inherit;\">0,1\u00b0<\/span><\/span><\/td>\n<\/tr>\n<\/tbody>\n<\/table>\n<\/div>\n<\/div>\n<h3 data-start=\"803\" data-end=\"827\"><strong data-start=\"807\" data-end=\"827\">\u00dcr\u00fcn \u00d6zellikleri<\/strong><\/h3>\n<ul data-start=\"828\" data-end=\"1061\">\n<li data-start=\"828\" data-end=\"876\">\n<p data-start=\"830\" data-end=\"876\">R\u00fczg\u00e2r h\u0131z\u0131 ve y\u00f6n\u00fcn\u00fc tek cihazda \u00f6l\u00e7me imk\u00e2n\u0131<\/p>\n<\/li>\n<li data-start=\"877\" data-end=\"916\">\n<p data-start=\"879\" data-end=\"916\">Y\u00fcksek do\u011fruluk ve tekrarlanabilirlik<\/p>\n<\/li>\n<li data-start=\"917\" data-end=\"970\">\n<p data-start=\"919\" data-end=\"970\">D\u0131\u015f ortam ko\u015fullar\u0131na dayan\u0131kl\u0131 end\u00fcstriyel tasar\u0131m<\/p>\n<\/li>\n<li data-start=\"971\" data-end=\"1061\">\n<p data-start=\"973\" data-end=\"1061\">R\u00fczgar t\u00fcrbini g\u00fcvenlik sistemleri, kontrol uygulamalar\u0131 ve \u00e7evresel \u00f6l\u00e7\u00fcmler i\u00e7in ideal<\/p>\n<\/li>\n<\/ul>\n<h3 data-start=\"1063\" data-end=\"1079\"><strong data-start=\"1067\" data-end=\"1079\">Boyutlar<\/strong><\/h3>\n<ul data-start=\"1080\" data-end=\"1127\">\n<li data-start=\"1080\" data-end=\"1107\">\n<p data-start=\"1082\" data-end=\"1107\"><strong data-start=\"1082\" data-end=\"1096\">Y\u00fckseklik:<\/strong> 512.5 mm<\/p>\n<\/li>\n<li data-start=\"1108\" data-end=\"1127\">\n<p data-start=\"1110\" data-end=\"1127\"><strong data-start=\"1110\" data-end=\"1118\"><span dir=\"auto\" style=\"vertical-align: inherit;\"><span dir=\"auto\" style=\"vertical-align: inherit;\">\u00c7ap:<\/span><\/span><\/strong><span dir=\"auto\" style=\"vertical-align: inherit;\"><span dir=\"auto\" style=\"vertical-align: inherit;\"> 143 mm<\/span><\/span><\/p>\n<\/li>\n<\/ul>\n<hr data-start=\"1129\" data-end=\"1132\" \/>\n<p data-start=\"1134\" data-end=\"1249\">\ud83d\udce7 <strong data-start=\"1137\" data-end=\"1170\"><a class=\"decorated-link cursor-pointer\" rel=\"noopener\" data-start=\"1139\" data-end=\"1168\">info@mechanicalandwelding.com<\/a><\/strong><br data-start=\"1170\" data-end=\"1173\" \/>\ud83d\udcde <strong data-start=\"1176\" data-end=\"1196\">+90 212 485 5410<\/strong><br data-start=\"1196\" data-end=\"1199\" \/>Daha fazla bilgi i\u00e7in web sitemizi ziyaret ediniz.<\/p>","protected":false},"excerpt":{"rendered":"<p data-start=\"0\" data-end=\"95\"><strong data-start=\"0\" data-end=\"29\"><span dir=\"auto\" style=\"vertical-align: inherit;\"><span dir=\"auto\" style=\"vertical-align: inherit;\">R\u00fczg\u00e2r H\u0131z\u0131 \u00d6l\u00e7\u00fcm Sens\u00f6r\u00fc<\/span><\/span><\/strong><br data-start=\"29\" data-end=\"32\" \/><em data-start=\"32\" data-end=\"95\"><span dir=\"auto\" style=\"vertical-align: inherit;\"><span dir=\"auto\" style=\"vertical-align: inherit;\">\u201cR\u00fczg\u00e2r H\u0131z\u0131 Sens\u00f6r\u00fc \u2014 R\u00fczgar T\u00fcrbinleri \u0130\u00e7in \u00d6nce G\u00fcvenlik.\u201d<\/span><\/span><\/em><\/p>\n<p data-start=\"97\" data-end=\"435\"><span dir=\"auto\" style=\"vertical-align: inherit;\"><span dir=\"auto\" style=\"vertical-align: inherit;\">R\u00fczg\u00e2r H\u0131z\u0131 \u00d6l\u00e7\u00fcm Sens\u00f6r\u00fc, r\u00fczgar t\u00fcrbinlerinin g\u00fcvenli ve verimli \u00e7al\u0131\u015fmas\u0131n\u0131 sa\u011flamak i\u00e7in geli\u015ftirilmi\u015f y\u00fcksek hassasiyetli bir \u00f6l\u00e7\u00fcm cihaz\u0131d\u0131r. Zorlu d\u0131\u015f ortam ko\u015fullar\u0131na dayan\u0131kl\u0131 yap\u0131s\u0131 sayesinde, r\u00fczg\u00e2r h\u0131z\u0131n\u0131 ve y\u00f6n\u00fcn\u00fc ger\u00e7ek zamanl\u0131 ve g\u00fcvenilir \u015fekilde \u00f6l\u00e7erek r\u00fczgar enerjisi sistemlerinde maksimum kontrol ve g\u00fcvenlik sa\u011flar.<\/span><\/span><\/p>","protected":false},"featured_media":1397,"template":"","meta":{"inline_featured_image":false},"product_cat":[15,58,57,61],"product_tag":[],"class_list":{"0":"post-1395","1":"product","2":"type-product","3":"status-publish","4":"has-post-thumbnail","6":"product_cat-mechanical-and-welding","7":"product_cat-esa-pyrobics","8":"product_cat-honeywell","9":"product_cat-yangin-sondurme-sistemleri","11":"first","12":"instock","13":"downloadable","14":"shipping-taxable","15":"product-type-simple"},"_links":{"self":[{"href":"https:\/\/mechanicalandwelding.com\/en\/wp-json\/wp\/v2\/product\/1395","targetHints":{"allow":["GET"]}}],"collection":[{"href":"https:\/\/mechanicalandwelding.com\/en\/wp-json\/wp\/v2\/product"}],"about":[{"href":"https:\/\/mechanicalandwelding.com\/en\/wp-json\/wp\/v2\/types\/product"}],"wp:featuredmedia":[{"embeddable":true,"href":"https:\/\/mechanicalandwelding.com\/en\/wp-json\/wp\/v2\/media\/1397"}],"wp:attachment":[{"href":"https:\/\/mechanicalandwelding.com\/en\/wp-json\/wp\/v2\/media?parent=1395"}],"wp:term":[{"taxonomy":"product_cat","embeddable":true,"href":"https:\/\/mechanicalandwelding.com\/en\/wp-json\/wp\/v2\/product_cat?post=1395"},{"taxonomy":"product_tag","embeddable":true,"href":"https:\/\/mechanicalandwelding.com\/en\/wp-json\/wp\/v2\/product_tag?post=1395"}],"curies":[{"name":"wp","href":"https:\/\/api.w.org\/{rel}","templated":true}]}}